{"id":1035,"date":"2023-01-04T18:26:10","date_gmt":"2023-01-04T17:26:10","guid":{"rendered":"https:\/\/www.rezidenciaekel.sk\/?page_id=1035"},"modified":"2026-02-18T10:29:43","modified_gmt":"2026-02-18T09:29:43","slug":"galeria","status":"publish","type":"page","link":"https:\/\/www.rezidenciaekel.sk\/index.php\/galeria\/","title":{"rendered":"Gal\u00e9ria"},"content":{"rendered":"<section class=\"wpb-content-wrapper\"><p>[vc_row full_width=&#8220;stretch_row&#8220;][vc_column][vc_empty_space height=&#8220;100&#8243;][vc_images_carousel images=&#8220;1681,1479,1764,1541,1915&#8243; img_size=&#8220;full&#8220; slides_per_view=&#8220;5&#8243; wrap=&#8220;yes&#8220;][vc_empty_space height=&#8220;100&#8243;][\/vc_column][\/vc_row][vc_row full_width=&#8220;stretch_row&#8220; gap=&#8220;35&#8243; content_placement=&#8220;middle&#8220; css=&#8220;.vc_custom_1697139039593{background-color: #869aa5 !important;}&#8220;][vc_column width=&#8220;1\/4&#8243;][\/vc_column][vc_column width=&#8220;1\/4&#8243;][vc_empty_space height=&#8220;100&#8243;][vc_single_image image=&#8220;2212&#8243; img_size=&#8220;medium&#8220; alignment=&#8220;center&#8220;][vc_column_text]<\/p>\n<h3 style=\"text-align: center;\"><span style=\"color: #ffffff;\"><strong>MAKL\u00c9R PREDAJA PROJEKTU<\/strong><\/span><\/h3>\n<p>&nbsp;<\/p>\n<h4 style=\"text-align: center;\"><span style=\"color: #ffffff;\">Mgr. Katar\u00edna Szab\u00f3ov\u00e1<\/span><\/h4>\n<h4 style=\"text-align: center;\"><span style=\"color: #ffffff;\">info@bfreality.sk<\/span><\/h4>\n<h4 style=\"text-align: center;\"><span style=\"color: #ffffff;\">tel.: +421 948 623 651<\/span><\/h4>\n<p>[\/vc_column_text][vc_empty_space height=&#8220;100&#8243;][\/vc_column][vc_column width=&#8220;1\/4&#8243;][vc_empty_space height=&#8220;100&#8243;][vc_single_image image=&#8220;1730&#8243; img_size=&#8220;medium&#8220; alignment=&#8220;center&#8220;][vc_empty_space height=&#8220;100&#8243;][\/vc_column][vc_column width=&#8220;1\/4&#8243;][\/vc_column][\/vc_row]<\/p>\n<\/section>","protected":false},"excerpt":{"rendered":"<p>[vc_row full_width=&#8220;stretch_row&#8220;][vc_column][vc_empty_space height=&#8220;100&#8243;][vc_images_carousel images=&#8220;1681,1479,1764,1541,1915&#8243; img_size=&#8220;full&#8220; slides_per_view=&#8220;5&#8243; wrap=&#8220;yes&#8220;][vc_empty_space height=&#8220;100&#8243;][\/vc_column][\/vc_row][vc_row full_width=&#8220;stretch_row&#8220; gap=&#8220;35&#8243; content_placement=&#8220;middle&#8220; css=&#8220;.vc_custom_1697139039593{background-color: #869aa5 !important;}&#8220;][vc_column width=&#8220;1\/4&#8243;][\/vc_column][vc_column width=&#8220;1\/4&#8243;][vc_empty_space height=&#8220;100&#8243;][vc_single_image image=&#8220;2212&#8243; img_size=&#8220;medium&#8220; alignment=&#8220;center&#8220;][vc_column_text] MAKL\u00c9R PREDAJA PROJEKTU &nbsp; Mgr. Katar\u00edna Szab\u00f3ov\u00e1 info@bfreality.sk tel.: +421 948 623 651 [\/vc_column_text][vc_empty_space height=&#8220;100&#8243;][\/vc_column][vc_column width=&#8220;1\/4&#8243;][vc_empty_space height=&#8220;100&#8243;][vc_single_image image=&#8220;1730&#8243; img_size=&#8220;medium&#8220; alignment=&#8220;center&#8220;][vc_empty_space height=&#8220;100&#8243;][\/vc_column][vc_column width=&#8220;1\/4&#8243;][\/vc_column][\/vc_row]<\/p>\n","protected":false},"author":1,"featured_media":0,"parent":0,"menu_order":0,"comment_status":"closed","ping_status":"closed","template":"","meta":{"content-type":"","footnotes":""},"class_list":["post-1035","page","type-page","status-publish","hentry"],"acf":[],"yoast_head":"<!-- This site is optimized with the Yoast SEO plugin v21.4 - https:\/\/yoast.com\/wordpress\/plugins\/seo\/ -->\n<title>Gal\u00e9ria - Rezidencia Ekel<\/title>\n<meta name=\"robots\" content=\"index, follow, max-snippet:-1, max-image-preview:large, max-video-preview:-1\" \/>\n<link rel=\"canonical\" href=\"https:\/\/www.rezidenciaekel.sk\/index.php\/galeria\/\" \/>\n<meta property=\"og:locale\" content=\"sk_SK\" \/>\n<meta property=\"og:type\" content=\"article\" \/>\n<meta property=\"og:title\" content=\"Gal\u00e9ria - Rezidencia Ekel\" \/>\n<meta property=\"og:description\" content=\"[vc_row full_width=&#8220;stretch_row&#8220;][vc_column][vc_empty_space height=&#8220;100&#8243;][vc_images_carousel images=&#8220;1681,1479,1764,1541,1915&#8243; img_size=&#8220;full&#8220; slides_per_view=&#8220;5&#8243; wrap=&#8220;yes&#8220;][vc_empty_space height=&#8220;100&#8243;][\/vc_column][\/vc_row][vc_row full_width=&#8220;stretch_row&#8220; gap=&#8220;35&#8243; content_placement=&#8220;middle&#8220; css=&#8220;.vc_custom_1697139039593{background-color: #869aa5 !important;}&#8220;][vc_column width=&#8220;1\/4&#8243;][\/vc_column][vc_column width=&#8220;1\/4&#8243;][vc_empty_space height=&#8220;100&#8243;][vc_single_image image=&#8220;2212&#8243; img_size=&#8220;medium&#8220; alignment=&#8220;center&#8220;][vc_column_text] MAKL\u00c9R PREDAJA PROJEKTU &nbsp; Mgr. Katar\u00edna Szab\u00f3ov\u00e1 info@bfreality.sk tel.: +421 948 623 651 [\/vc_column_text][vc_empty_space height=&#8220;100&#8243;][\/vc_column][vc_column width=&#8220;1\/4&#8243;][vc_empty_space height=&#8220;100&#8243;][vc_single_image image=&#8220;1730&#8243; img_size=&#8220;medium&#8220; alignment=&#8220;center&#8220;][vc_empty_space height=&#8220;100&#8243;][\/vc_column][vc_column width=&#8220;1\/4&#8243;][\/vc_column][\/vc_row]\" \/>\n<meta property=\"og:url\" content=\"https:\/\/www.rezidenciaekel.sk\/index.php\/galeria\/\" \/>\n<meta property=\"og:site_name\" content=\"Rezidencia Ekel\" \/>\n<meta property=\"article:modified_time\" content=\"2026-02-18T09:29:43+00:00\" \/>\n<meta name=\"twitter:card\" content=\"summary_large_image\" \/>\n<meta name=\"twitter:label1\" content=\"Predpokladan\u00fd \u010das \u010d\u00edtania\" \/>\n\t<meta name=\"twitter:data1\" content=\"1 min\u00fata\" \/>\n<script type=\"application\/ld+json\" class=\"yoast-schema-graph\">{\"@context\":\"https:\/\/schema.org\",\"@graph\":[{\"@type\":\"WebPage\",\"@id\":\"https:\/\/www.rezidenciaekel.sk\/index.php\/galeria\/\",\"url\":\"https:\/\/www.rezidenciaekel.sk\/index.php\/galeria\/\",\"name\":\"Gal\u00e9ria - Rezidencia Ekel\",\"isPartOf\":{\"@id\":\"https:\/\/www.rezidenciaekel.sk\/#website\"},\"datePublished\":\"2023-01-04T17:26:10+00:00\",\"dateModified\":\"2026-02-18T09:29:43+00:00\",\"breadcrumb\":{\"@id\":\"https:\/\/www.rezidenciaekel.sk\/index.php\/galeria\/#breadcrumb\"},\"inLanguage\":\"sk-SK\",\"potentialAction\":[{\"@type\":\"ReadAction\",\"target\":[\"https:\/\/www.rezidenciaekel.sk\/index.php\/galeria\/\"]}]},{\"@type\":\"BreadcrumbList\",\"@id\":\"https:\/\/www.rezidenciaekel.sk\/index.php\/galeria\/#breadcrumb\",\"itemListElement\":[{\"@type\":\"ListItem\",\"position\":1,\"name\":\"Home\",\"item\":\"https:\/\/www.rezidenciaekel.sk\/\"},{\"@type\":\"ListItem\",\"position\":2,\"name\":\"Gal\u00e9ria\"}]},{\"@type\":\"WebSite\",\"@id\":\"https:\/\/www.rezidenciaekel.sk\/#website\",\"url\":\"https:\/\/www.rezidenciaekel.sk\/\",\"name\":\"Rezidencia Ekel\",\"description\":\"\",\"potentialAction\":[{\"@type\":\"SearchAction\",\"target\":{\"@type\":\"EntryPoint\",\"urlTemplate\":\"https:\/\/www.rezidenciaekel.sk\/?s={search_term_string}\"},\"query-input\":\"required name=search_term_string\"}],\"inLanguage\":\"sk-SK\"}]}<\/script>\n<!-- \/ Yoast SEO plugin. -->","yoast_head_json":{"title":"Gal\u00e9ria - Rezidencia Ekel","robots":{"index":"index","follow":"follow","max-snippet":"max-snippet:-1","max-image-preview":"max-image-preview:large","max-video-preview":"max-video-preview:-1"},"canonical":"https:\/\/www.rezidenciaekel.sk\/index.php\/galeria\/","og_locale":"sk_SK","og_type":"article","og_title":"Gal\u00e9ria - Rezidencia Ekel","og_description":"[vc_row full_width=&#8220;stretch_row&#8220;][vc_column][vc_empty_space height=&#8220;100&#8243;][vc_images_carousel images=&#8220;1681,1479,1764,1541,1915&#8243; img_size=&#8220;full&#8220; slides_per_view=&#8220;5&#8243; wrap=&#8220;yes&#8220;][vc_empty_space height=&#8220;100&#8243;][\/vc_column][\/vc_row][vc_row full_width=&#8220;stretch_row&#8220; gap=&#8220;35&#8243; content_placement=&#8220;middle&#8220; css=&#8220;.vc_custom_1697139039593{background-color: #869aa5 !important;}&#8220;][vc_column width=&#8220;1\/4&#8243;][\/vc_column][vc_column width=&#8220;1\/4&#8243;][vc_empty_space height=&#8220;100&#8243;][vc_single_image image=&#8220;2212&#8243; img_size=&#8220;medium&#8220; alignment=&#8220;center&#8220;][vc_column_text] MAKL\u00c9R PREDAJA PROJEKTU &nbsp; Mgr. Katar\u00edna Szab\u00f3ov\u00e1 info@bfreality.sk tel.: +421 948 623 651 [\/vc_column_text][vc_empty_space height=&#8220;100&#8243;][\/vc_column][vc_column width=&#8220;1\/4&#8243;][vc_empty_space height=&#8220;100&#8243;][vc_single_image image=&#8220;1730&#8243; img_size=&#8220;medium&#8220; alignment=&#8220;center&#8220;][vc_empty_space height=&#8220;100&#8243;][\/vc_column][vc_column width=&#8220;1\/4&#8243;][\/vc_column][\/vc_row]","og_url":"https:\/\/www.rezidenciaekel.sk\/index.php\/galeria\/","og_site_name":"Rezidencia Ekel","article_modified_time":"2026-02-18T09:29:43+00:00","twitter_card":"summary_large_image","twitter_misc":{"Predpokladan\u00fd \u010das \u010d\u00edtania":"1 min\u00fata"},"schema":{"@context":"https:\/\/schema.org","@graph":[{"@type":"WebPage","@id":"https:\/\/www.rezidenciaekel.sk\/index.php\/galeria\/","url":"https:\/\/www.rezidenciaekel.sk\/index.php\/galeria\/","name":"Gal\u00e9ria - Rezidencia Ekel","isPartOf":{"@id":"https:\/\/www.rezidenciaekel.sk\/#website"},"datePublished":"2023-01-04T17:26:10+00:00","dateModified":"2026-02-18T09:29:43+00:00","breadcrumb":{"@id":"https:\/\/www.rezidenciaekel.sk\/index.php\/galeria\/#breadcrumb"},"inLanguage":"sk-SK","potentialAction":[{"@type":"ReadAction","target":["https:\/\/www.rezidenciaekel.sk\/index.php\/galeria\/"]}]},{"@type":"BreadcrumbList","@id":"https:\/\/www.rezidenciaekel.sk\/index.php\/galeria\/#breadcrumb","itemListElement":[{"@type":"ListItem","position":1,"name":"Home","item":"https:\/\/www.rezidenciaekel.sk\/"},{"@type":"ListItem","position":2,"name":"Gal\u00e9ria"}]},{"@type":"WebSite","@id":"https:\/\/www.rezidenciaekel.sk\/#website","url":"https:\/\/www.rezidenciaekel.sk\/","name":"Rezidencia Ekel","description":"","potentialAction":[{"@type":"SearchAction","target":{"@type":"EntryPoint","urlTemplate":"https:\/\/www.rezidenciaekel.sk\/?s={search_term_string}"},"query-input":"required name=search_term_string"}],"inLanguage":"sk-SK"}]}},"_links":{"self":[{"href":"https:\/\/www.rezidenciaekel.sk\/index.php\/wp-json\/wp\/v2\/pages\/1035","targetHints":{"allow":["GET"]}}],"collection":[{"href":"https:\/\/www.rezidenciaekel.sk\/index.php\/wp-json\/wp\/v2\/pages"}],"about":[{"href":"https:\/\/www.rezidenciaekel.sk\/index.php\/wp-json\/wp\/v2\/types\/page"}],"author":[{"embeddable":true,"href":"https:\/\/www.rezidenciaekel.sk\/index.php\/wp-json\/wp\/v2\/users\/1"}],"replies":[{"embeddable":true,"href":"https:\/\/www.rezidenciaekel.sk\/index.php\/wp-json\/wp\/v2\/comments?post=1035"}],"version-history":[{"count":51,"href":"https:\/\/www.rezidenciaekel.sk\/index.php\/wp-json\/wp\/v2\/pages\/1035\/revisions"}],"predecessor-version":[{"id":2262,"href":"https:\/\/www.rezidenciaekel.sk\/index.php\/wp-json\/wp\/v2\/pages\/1035\/revisions\/2262"}],"wp:attachment":[{"href":"https:\/\/www.rezidenciaekel.sk\/index.php\/wp-json\/wp\/v2\/media?parent=1035"}],"curies":[{"name":"wp","href":"https:\/\/api.w.org\/{rel}","templated":true}]}}