{"id":144,"date":"2022-12-06T10:44:11","date_gmt":"2022-12-06T09:44:11","guid":{"rendered":"https:\/\/www.rezidenciaekel.sk\/?page_id=144"},"modified":"2025-12-03T13:18:09","modified_gmt":"2025-12-03T12:18:09","slug":"kontakt","status":"publish","type":"page","link":"https:\/\/www.rezidenciaekel.sk\/index.php\/kontakt\/","title":{"rendered":"Kontakt"},"content":{"rendered":"<section class=\"wpb-content-wrapper\"><p>[vc_row full_width=&#8220;stretch_row&#8220; gap=&#8220;35&#8243; content_placement=&#8220;middle&#8220; css=&#8220;.vc_custom_1698931301528{padding-top: 100px !important;background-position: center !important;background-repeat: no-repeat !important;background-size: cover !important;}&#8220;][vc_column width=&#8220;1\/4&#8243; css=&#8220;.vc_custom_1697118967111{background-position: center !important;background-repeat: no-repeat !important;background-size: cover !important;}&#8220;][vc_single_image image=&#8220;2217&#8243; img_size=&#8220;150&#215;160&#8243; alignment=&#8220;center&#8220;][vc_column_text]<\/p>\n<h3 style=\"text-align: center;\"><span style=\"color: #000000;\"><strong>MAKL\u00c9R PREDAJA PROJEKTU<\/strong><\/span><\/h3>\n<h4 style=\"text-align: center;\"><span style=\"color: #000000;\"><br \/>\nMgr. Katar\u00edna Szab\u00f3ov\u00e1<\/span><\/h4>\n<h4 style=\"text-align: center;\">info@bfreality.sk<br \/>\n<span style=\"color: #000000;\">tel.: +421 948 623 651<\/span><\/h4>\n<p>[\/vc_column_text][\/vc_column][vc_column parallax=&#8220;content-moving&#8220; width=&#8220;1\/4&#8243; css=&#8220;.vc_custom_1697119396694{background-position: center !important;background-repeat: no-repeat !important;background-size: cover !important;}&#8220;][vc_single_image image=&#8220;1730&#8243; img_size=&#8220;medium&#8220; alignment=&#8220;center&#8220;][\/vc_column][vc_column width=&#8220;1\/4&#8243;][vc_single_image image=&#8220;1690&#8243; img_size=&#8220;medium&#8220; alignment=&#8220;center&#8220;][vc_column_text]<\/p>\n<h3 style=\"text-align: center;\"><span style=\"color: #000000;\"><strong>HYPOTEK\u00c1RNY \u0160PECIALISTA<\/strong><br \/>\n<\/span><\/h3>\n<h4 style=\"text-align: center;\"><span style=\"color: #000000;\"><br \/>\nIng. Denisa Sla\u0161\u0165anov\u00e1<br \/>\n<\/span><\/h4>\n<h4 style=\"text-align: center;\"><span style=\"color: #000000;\">dslastanova@bsg.sk<\/span><br \/>\n<span style=\"color: #000000;\">tel.: +421 949 020 105<\/span><\/h4>\n<p>[\/vc_column_text][\/vc_column][vc_column width=&#8220;1\/4&#8243;][vc_single_image image=&#8220;1729&#8243; img_size=&#8220;medium&#8220; alignment=&#8220;center&#8220;][\/vc_column][\/vc_row][vc_row full_width=&#8220;stretch_row&#8220; gap=&#8220;35&#8243; content_placement=&#8220;middle&#8220; css=&#8220;.vc_custom_1698930963772{padding-top: 100px !important;padding-bottom: 100px !important;background-position: center !important;background-repeat: no-repeat !important;background-size: cover !important;}&#8220;][vc_column css=&#8220;.vc_custom_1697118967111{background-position: center !important;background-repeat: no-repeat !important;background-size: cover !important;}&#8220;][vc_column_text]<\/p>\n<h3 style=\"text-align: center;\"><span style=\"color: #000000;\">Alebo n\u00e1m nap\u00ed\u0161te<\/span><\/h3>\n<p>[\/vc_column_text][lab_contact_form name_title=&#8220;Meno:&#8220; message_title=&#8220;Spr\u00e1va:&#8220; show_subject_field=&#8220;&#8220; submit_title=&#8220;ODOSLA\u0164&#8220; submit_success=&#8220;\u010fakujeme #, spr\u00e1va bola poslan\u00e1!&#8220; alert_errors=&#8220;&#8220; email_receiver=&#8220;alaksapeto@gmail.com&#8220;][\/vc_column][\/vc_row]<\/p>\n<\/section>","protected":false},"excerpt":{"rendered":"<p>[vc_row full_width=&#8220;stretch_row&#8220; gap=&#8220;35&#8243; content_placement=&#8220;middle&#8220; css=&#8220;.vc_custom_1698931301528{padding-top: 100px !important;background-position: center !important;background-repeat: no-repeat !important;background-size: cover !important;}&#8220;][vc_column width=&#8220;1\/4&#8243; css=&#8220;.vc_custom_1697118967111{background-position: center !important;background-repeat: no-repeat !important;background-size: cover !important;}&#8220;][vc_single_image image=&#8220;2217&#8243; img_size=&#8220;150&#215;160&#8243; alignment=&#8220;center&#8220;][vc_column_text] MAKL\u00c9R PREDAJA PROJEKTU Mgr. Katar\u00edna Szab\u00f3ov\u00e1 info@bfreality.sk tel.: +421 948 623 651 [\/vc_column_text][\/vc_column][vc_column parallax=&#8220;content-moving&#8220; width=&#8220;1\/4&#8243; css=&#8220;.vc_custom_1697119396694{background-position: center !important;background-repeat: no-repeat !important;background-size: cover !important;}&#8220;][vc_single_image image=&#8220;1730&#8243; img_size=&#8220;medium&#8220; alignment=&#8220;center&#8220;][\/vc_column][vc_column width=&#8220;1\/4&#8243;][vc_single_image image=&#8220;1690&#8243; img_size=&#8220;medium&#8220; alignment=&#8220;center&#8220;][vc_column_text] HYPOTEK\u00c1RNY \u0160PECIALISTA&hellip;<\/p>\n","protected":false},"author":1,"featured_media":0,"parent":0,"menu_order":0,"comment_status":"closed","ping_status":"closed","template":"","meta":{"content-type":"","footnotes":""},"class_list":["post-144","page","type-page","status-publish","hentry"],"acf":[],"yoast_head":"<!-- This site is optimized with the Yoast SEO plugin v21.4 - https:\/\/yoast.com\/wordpress\/plugins\/seo\/ -->\n<title>Kontakt - Rezidencia Ekel<\/title>\n<meta name=\"robots\" content=\"index, follow, max-snippet:-1, max-image-preview:large, max-video-preview:-1\" \/>\n<link rel=\"canonical\" href=\"https:\/\/www.rezidenciaekel.sk\/index.php\/kontakt\/\" \/>\n<meta property=\"og:locale\" content=\"sk_SK\" \/>\n<meta property=\"og:type\" content=\"article\" \/>\n<meta property=\"og:title\" content=\"Kontakt - Rezidencia Ekel\" \/>\n<meta property=\"og:description\" content=\"[vc_row full_width=&#8220;stretch_row&#8220; gap=&#8220;35&#8243; content_placement=&#8220;middle&#8220; css=&#8220;.vc_custom_1698931301528{padding-top: 100px !important;background-position: center !important;background-repeat: no-repeat !important;background-size: cover !important;}&#8220;][vc_column width=&#8220;1\/4&#8243; css=&#8220;.vc_custom_1697118967111{background-position: center !important;background-repeat: no-repeat !important;background-size: cover !important;}&#8220;][vc_single_image image=&#8220;2217&#8243; img_size=&#8220;150&#215;160&#8243; alignment=&#8220;center&#8220;][vc_column_text] MAKL\u00c9R PREDAJA PROJEKTU Mgr. Katar\u00edna Szab\u00f3ov\u00e1 info@bfreality.sk tel.: +421 948 623 651 [\/vc_column_text][\/vc_column][vc_column parallax=&#8220;content-moving&#8220; width=&#8220;1\/4&#8243; css=&#8220;.vc_custom_1697119396694{background-position: center !important;background-repeat: no-repeat !important;background-size: cover !important;}&#8220;][vc_single_image image=&#8220;1730&#8243; img_size=&#8220;medium&#8220; alignment=&#8220;center&#8220;][\/vc_column][vc_column width=&#8220;1\/4&#8243;][vc_single_image image=&#8220;1690&#8243; img_size=&#8220;medium&#8220; alignment=&#8220;center&#8220;][vc_column_text] HYPOTEK\u00c1RNY \u0160PECIALISTA&hellip;\" \/>\n<meta property=\"og:url\" content=\"https:\/\/www.rezidenciaekel.sk\/index.php\/kontakt\/\" \/>\n<meta property=\"og:site_name\" content=\"Rezidencia Ekel\" \/>\n<meta property=\"article:modified_time\" content=\"2025-12-03T12:18:09+00:00\" \/>\n<meta name=\"twitter:card\" content=\"summary_large_image\" \/>\n<meta name=\"twitter:label1\" content=\"Predpokladan\u00fd \u010das \u010d\u00edtania\" \/>\n\t<meta name=\"twitter:data1\" content=\"1 min\u00fata\" \/>\n<script type=\"application\/ld+json\" class=\"yoast-schema-graph\">{\"@context\":\"https:\/\/schema.org\",\"@graph\":[{\"@type\":\"WebPage\",\"@id\":\"https:\/\/www.rezidenciaekel.sk\/index.php\/kontakt\/\",\"url\":\"https:\/\/www.rezidenciaekel.sk\/index.php\/kontakt\/\",\"name\":\"Kontakt - Rezidencia Ekel\",\"isPartOf\":{\"@id\":\"https:\/\/www.rezidenciaekel.sk\/#website\"},\"datePublished\":\"2022-12-06T09:44:11+00:00\",\"dateModified\":\"2025-12-03T12:18:09+00:00\",\"breadcrumb\":{\"@id\":\"https:\/\/www.rezidenciaekel.sk\/index.php\/kontakt\/#breadcrumb\"},\"inLanguage\":\"sk-SK\",\"potentialAction\":[{\"@type\":\"ReadAction\",\"target\":[\"https:\/\/www.rezidenciaekel.sk\/index.php\/kontakt\/\"]}]},{\"@type\":\"BreadcrumbList\",\"@id\":\"https:\/\/www.rezidenciaekel.sk\/index.php\/kontakt\/#breadcrumb\",\"itemListElement\":[{\"@type\":\"ListItem\",\"position\":1,\"name\":\"Home\",\"item\":\"https:\/\/www.rezidenciaekel.sk\/\"},{\"@type\":\"ListItem\",\"position\":2,\"name\":\"Kontakt\"}]},{\"@type\":\"WebSite\",\"@id\":\"https:\/\/www.rezidenciaekel.sk\/#website\",\"url\":\"https:\/\/www.rezidenciaekel.sk\/\",\"name\":\"Rezidencia Ekel\",\"description\":\"\",\"potentialAction\":[{\"@type\":\"SearchAction\",\"target\":{\"@type\":\"EntryPoint\",\"urlTemplate\":\"https:\/\/www.rezidenciaekel.sk\/?s={search_term_string}\"},\"query-input\":\"required name=search_term_string\"}],\"inLanguage\":\"sk-SK\"}]}<\/script>\n<!-- \/ Yoast SEO plugin. -->","yoast_head_json":{"title":"Kontakt - Rezidencia Ekel","robots":{"index":"index","follow":"follow","max-snippet":"max-snippet:-1","max-image-preview":"max-image-preview:large","max-video-preview":"max-video-preview:-1"},"canonical":"https:\/\/www.rezidenciaekel.sk\/index.php\/kontakt\/","og_locale":"sk_SK","og_type":"article","og_title":"Kontakt - Rezidencia Ekel","og_description":"[vc_row full_width=&#8220;stretch_row&#8220; gap=&#8220;35&#8243; content_placement=&#8220;middle&#8220; css=&#8220;.vc_custom_1698931301528{padding-top: 100px !important;background-position: center !important;background-repeat: no-repeat !important;background-size: cover !important;}&#8220;][vc_column width=&#8220;1\/4&#8243; css=&#8220;.vc_custom_1697118967111{background-position: center !important;background-repeat: no-repeat !important;background-size: cover !important;}&#8220;][vc_single_image image=&#8220;2217&#8243; img_size=&#8220;150&#215;160&#8243; alignment=&#8220;center&#8220;][vc_column_text] MAKL\u00c9R PREDAJA PROJEKTU Mgr. Katar\u00edna Szab\u00f3ov\u00e1 info@bfreality.sk tel.: +421 948 623 651 [\/vc_column_text][\/vc_column][vc_column parallax=&#8220;content-moving&#8220; width=&#8220;1\/4&#8243; css=&#8220;.vc_custom_1697119396694{background-position: center !important;background-repeat: no-repeat !important;background-size: cover !important;}&#8220;][vc_single_image image=&#8220;1730&#8243; img_size=&#8220;medium&#8220; alignment=&#8220;center&#8220;][\/vc_column][vc_column width=&#8220;1\/4&#8243;][vc_single_image image=&#8220;1690&#8243; img_size=&#8220;medium&#8220; alignment=&#8220;center&#8220;][vc_column_text] HYPOTEK\u00c1RNY \u0160PECIALISTA&hellip;","og_url":"https:\/\/www.rezidenciaekel.sk\/index.php\/kontakt\/","og_site_name":"Rezidencia Ekel","article_modified_time":"2025-12-03T12:18:09+00:00","twitter_card":"summary_large_image","twitter_misc":{"Predpokladan\u00fd \u010das \u010d\u00edtania":"1 min\u00fata"},"schema":{"@context":"https:\/\/schema.org","@graph":[{"@type":"WebPage","@id":"https:\/\/www.rezidenciaekel.sk\/index.php\/kontakt\/","url":"https:\/\/www.rezidenciaekel.sk\/index.php\/kontakt\/","name":"Kontakt - Rezidencia Ekel","isPartOf":{"@id":"https:\/\/www.rezidenciaekel.sk\/#website"},"datePublished":"2022-12-06T09:44:11+00:00","dateModified":"2025-12-03T12:18:09+00:00","breadcrumb":{"@id":"https:\/\/www.rezidenciaekel.sk\/index.php\/kontakt\/#breadcrumb"},"inLanguage":"sk-SK","potentialAction":[{"@type":"ReadAction","target":["https:\/\/www.rezidenciaekel.sk\/index.php\/kontakt\/"]}]},{"@type":"BreadcrumbList","@id":"https:\/\/www.rezidenciaekel.sk\/index.php\/kontakt\/#breadcrumb","itemListElement":[{"@type":"ListItem","position":1,"name":"Home","item":"https:\/\/www.rezidenciaekel.sk\/"},{"@type":"ListItem","position":2,"name":"Kontakt"}]},{"@type":"WebSite","@id":"https:\/\/www.rezidenciaekel.sk\/#website","url":"https:\/\/www.rezidenciaekel.sk\/","name":"Rezidencia Ekel","description":"","potentialAction":[{"@type":"SearchAction","target":{"@type":"EntryPoint","urlTemplate":"https:\/\/www.rezidenciaekel.sk\/?s={search_term_string}"},"query-input":"required name=search_term_string"}],"inLanguage":"sk-SK"}]}},"_links":{"self":[{"href":"https:\/\/www.rezidenciaekel.sk\/index.php\/wp-json\/wp\/v2\/pages\/144","targetHints":{"allow":["GET"]}}],"collection":[{"href":"https:\/\/www.rezidenciaekel.sk\/index.php\/wp-json\/wp\/v2\/pages"}],"about":[{"href":"https:\/\/www.rezidenciaekel.sk\/index.php\/wp-json\/wp\/v2\/types\/page"}],"author":[{"embeddable":true,"href":"https:\/\/www.rezidenciaekel.sk\/index.php\/wp-json\/wp\/v2\/users\/1"}],"replies":[{"embeddable":true,"href":"https:\/\/www.rezidenciaekel.sk\/index.php\/wp-json\/wp\/v2\/comments?post=144"}],"version-history":[{"count":65,"href":"https:\/\/www.rezidenciaekel.sk\/index.php\/wp-json\/wp\/v2\/pages\/144\/revisions"}],"predecessor-version":[{"id":2218,"href":"https:\/\/www.rezidenciaekel.sk\/index.php\/wp-json\/wp\/v2\/pages\/144\/revisions\/2218"}],"wp:attachment":[{"href":"https:\/\/www.rezidenciaekel.sk\/index.php\/wp-json\/wp\/v2\/media?parent=144"}],"curies":[{"name":"wp","href":"https:\/\/api.w.org\/{rel}","templated":true}]}}