{"id":16,"date":"2022-12-05T12:53:05","date_gmt":"2022-12-05T11:53:05","guid":{"rendered":"https:\/\/www.rezidenciaekel.sk\/?page_id=16"},"modified":"2026-02-17T16:39:31","modified_gmt":"2026-02-17T15:39:31","slug":"hlavna-stranka","status":"publish","type":"page","link":"https:\/\/www.rezidenciaekel.sk\/","title":{"rendered":"hlavn\u00e1 str\u00e1nka"},"content":{"rendered":"<section class=\"wpb-content-wrapper\"><p>[vc_row][vc_column]\n\t\t\t<!-- START Slider 1 REVOLUTION SLIDER 6.6.7 --><p class=\"rs-p-wp-fix\"><\/p>\n\t\t\t<rs-module-wrap id=\"rev_slider_1_1_wrapper\" data-source=\"gallery\" style=\"visibility:hidden;background:transparent;padding:0;margin:0px auto;margin-top:0;margin-bottom:0;\">\n\t\t\t\t<rs-module id=\"rev_slider_1_1\" style=\"\" data-version=\"6.6.7\">\n\t\t\t\t\t<rs-slides style=\"overflow: hidden; position: absolute;\">\n\t\t\t\t\t\t<rs-slide style=\"position: absolute;\" data-key=\"rs-1\" data-title=\"Slide\" data-in=\"o:0;\" data-out=\"a:false;\">\n\t\t\t\t\t\t\t<img decoding=\"async\" src=\"\/\/www.rezidenciaekel.sk\/wp-content\/plugins\/revslider\/public\/assets\/assets\/dummy.png\" alt=\"\" title=\"fotka k7 z\" width=\"2250\" height=\"1432\" class=\"rev-slidebg tp-rs-img rs-lazyload\" data-lazyload=\"\/\/www.rezidenciaekel.sk\/wp-content\/uploads\/2023\/10\/fotka-k7-z.jpg\" data-no-retina>\n<!--\n\t\t\t\t\t\t\t--><a\n\t\t\t\t\t\t\t\tid=\"slider-1-slide-1-layer-2\" \n\t\t\t\t\t\t\t\tclass=\"rs-layer rev-btn\"\n\t\t\t\t\t\t\t\thref=\"https:\/\/www.rezidenciaekel.sk\/index.php\/ponuka-domov\/\" target=\"_self\"\n\t\t\t\t\t\t\t\tdata-type=\"button\"\n\t\t\t\t\t\t\t\tdata-color=\"#000000\"\n\t\t\t\t\t\t\t\tdata-rsp_ch=\"on\"\n\t\t\t\t\t\t\t\tdata-xy=\"xo:20px,16px,16px,16px;yo:577px,476px,476px,476px;\"\n\t\t\t\t\t\t\t\tdata-text=\"w:normal;s:24,19,19,19;l:52,42,42,42;fw:500;\"\n\t\t\t\t\t\t\t\tdata-dim=\"minh:0,none,0,0;\"\n\t\t\t\t\t\t\t\tdata-padding=\"t:5,4,4,4;r:40,33,33,33;b:5,4,4,4;l:40,33,33,33;\"\n\t\t\t\t\t\t\t\tdata-border=\"bor:32px,32px,32px,32px;\"\n\t\t\t\t\t\t\t\tdata-frame_0=\"y:-50,-41,-41,-41;\"\n\t\t\t\t\t\t\t\tdata-frame_1=\"sp:1000;\"\n\t\t\t\t\t\t\t\tdata-frame_999=\"o:0;st:w;sp:750;sR:4000;\"\n\t\t\t\t\t\t\t\tdata-frame_hover=\"c:#fff;bgc:#000;bor:32px,32px,32px,32px;\"\n\t\t\t\t\t\t\t\tstyle=\"z-index:6;background-color:rgba(255,255,255,1);font-family:'Roboto';\"\n\t\t\t\t\t\t\t>PONUKA B\u00ddVANIA \n\t\t\t\t\t\t\t<\/a><!--\n\n\t\t\t\t\t\t\t--><rs-layer\n\t\t\t\t\t\t\t\tid=\"slider-1-slide-1-layer-3\" \n\t\t\t\t\t\t\t\tdata-type=\"text\"\n\t\t\t\t\t\t\t\tdata-tsh=\"c:rgba(0,0,0,0.89);h:5px,4px,4px,4px;v:5px,4px,4px,4px;b:5px,4px,4px,4px;\"\n\t\t\t\t\t\t\t\tdata-rsp_ch=\"on\"\n\t\t\t\t\t\t\t\tdata-xy=\"xo:19px,15px,15px,15px;yo:680px,561px,561px,561px;\"\n\t\t\t\t\t\t\t\tdata-text=\"w:normal;s:65,53,53,53;l:97,80,80,80;\"\n\t\t\t\t\t\t\t\tdata-frame_0=\"x:-50,-41,-41,-41;\"\n\t\t\t\t\t\t\t\tdata-frame_1=\"st:280;sp:1000;sR:280;\"\n\t\t\t\t\t\t\t\tdata-frame_999=\"o:0;st:w;sR:3720;\"\n\t\t\t\t\t\t\t\tstyle=\"z-index:7;font-family:'Roboto';\"\n\t\t\t\t\t\t\t>B\u00fdvajte v srdci obce Okoli\u010dn\u00e1 na Ostrove \n\t\t\t\t\t\t\t<\/rs-layer><!--\n-->\t\t\t\t\t\t<\/rs-slide>\n\t\t\t\t\t\t<rs-slide style=\"position: absolute;\" data-key=\"rs-5\" data-title=\"Slide\" data-in=\"o:0;\" data-out=\"a:false;\">\n\t\t\t\t\t\t\t<img decoding=\"async\" src=\"\/\/www.rezidenciaekel.sk\/wp-content\/plugins\/revslider\/public\/assets\/assets\/dummy.png\" alt=\"\" title=\"fotka k4\" width=\"2250\" height=\"1432\" class=\"rev-slidebg tp-rs-img rs-lazyload\" data-lazyload=\"\/\/www.rezidenciaekel.sk\/wp-content\/uploads\/2023\/10\/fotka-k4-1.jpg\" data-no-retina>\n<!---->\t\t\t\t\t\t<\/rs-slide>\n\t\t\t\t\t\t<rs-slide style=\"position: absolute;\" data-key=\"rs-8\" data-title=\"Slide\" data-in=\"o:0;\" data-out=\"a:false;\">\n\t\t\t\t\t\t\t<img decoding=\"async\" src=\"\/\/www.rezidenciaekel.sk\/wp-content\/plugins\/revslider\/public\/assets\/assets\/dummy.png\" alt=\"\" title=\"fotka k8 zz\" width=\"2250\" height=\"1432\" class=\"rev-slidebg tp-rs-img rs-lazyload\" data-lazyload=\"\/\/www.rezidenciaekel.sk\/wp-content\/uploads\/2023\/10\/fotka-k8-zz.jpg\" data-no-retina>\n<!--\n\t\t\t\t\t\t\t--><a\n\t\t\t\t\t\t\t\tid=\"slider-1-slide-8-layer-2\" \n\t\t\t\t\t\t\t\tclass=\"rs-layer rev-btn\"\n\t\t\t\t\t\t\t\thref=\"https:\/\/www.rezidenciaekel.sk\/index.php\/ponuka-parkovania\/\" target=\"_self\"\n\t\t\t\t\t\t\t\tdata-type=\"button\"\n\t\t\t\t\t\t\t\tdata-color=\"#000000\"\n\t\t\t\t\t\t\t\tdata-rsp_ch=\"on\"\n\t\t\t\t\t\t\t\tdata-xy=\"xo:20px,16px,16px,16px;yo:577px,476px,476px,476px;\"\n\t\t\t\t\t\t\t\tdata-text=\"w:normal;s:24,19,19,19;l:52,42,42,42;fw:500;\"\n\t\t\t\t\t\t\t\tdata-dim=\"minh:0,none,0,0;\"\n\t\t\t\t\t\t\t\tdata-padding=\"t:5,4,4,4;r:40,33,33,33;b:5,4,4,4;l:40,33,33,33;\"\n\t\t\t\t\t\t\t\tdata-border=\"bor:32px,32px,32px,32px;\"\n\t\t\t\t\t\t\t\tdata-frame_0=\"y:-50,-41,-41,-41;\"\n\t\t\t\t\t\t\t\tdata-frame_1=\"sp:1000;\"\n\t\t\t\t\t\t\t\tdata-frame_999=\"o:0;st:4900;sR:8700;\"\n\t\t\t\t\t\t\t\tdata-frame_hover=\"c:#fff;bgc:#000;bor:32px,32px,32px,32px;\"\n\t\t\t\t\t\t\t\tstyle=\"z-index:6;background-color:rgba(255,255,255,1);font-family:'Roboto';\"\n\t\t\t\t\t\t\t>PONUKA PARKOVANIA \n\t\t\t\t\t\t\t<\/a><!--\n\n\t\t\t\t\t\t\t--><rs-layer\n\t\t\t\t\t\t\t\tid=\"slider-1-slide-8-layer-3\" \n\t\t\t\t\t\t\t\tdata-type=\"text\"\n\t\t\t\t\t\t\t\tdata-tsh=\"c:rgba(0,0,0,0.89);h:5px,4px,4px,4px;v:5px,4px,4px,4px;b:5px,4px,4px,4px;\"\n\t\t\t\t\t\t\t\tdata-rsp_ch=\"on\"\n\t\t\t\t\t\t\t\tdata-xy=\"xo:19px,15px,15px,15px;yo:680px,561px,561px,561px;\"\n\t\t\t\t\t\t\t\tdata-text=\"w:normal;s:65,53,53,53;l:97,80,80,80;\"\n\t\t\t\t\t\t\t\tdata-frame_0=\"x:-50,-41,-41,-41;\"\n\t\t\t\t\t\t\t\tdata-frame_1=\"st:280;sp:1000;\"\n\t\t\t\t\t\t\t\tdata-frame_999=\"o:0;st:w;sR:8420;\"\n\t\t\t\t\t\t\t\tstyle=\"z-index:7;font-family:'Roboto';\"\n\t\t\t\t\t\t\t>Parkovanie v cene pre prv\u00fdch troch klientov \n\t\t\t\t\t\t\t<\/rs-layer><!--\n-->\t\t\t\t\t\t<\/rs-slide>\n\t\t\t\t\t\t<rs-slide style=\"position: absolute;\" data-key=\"rs-9\" data-title=\"Slide\" data-in=\"o:0;\" data-out=\"a:false;\">\n\t\t\t\t\t\t\t<img decoding=\"async\" src=\"\/\/www.rezidenciaekel.sk\/wp-content\/plugins\/revslider\/public\/assets\/assets\/dummy.png\" alt=\"\" title=\"fotka k3-j\" width=\"2250\" height=\"1432\" class=\"rev-slidebg tp-rs-img rs-lazyload\" data-lazyload=\"\/\/www.rezidenciaekel.sk\/wp-content\/uploads\/2023\/10\/fotka-k3-j.jpg\" data-no-retina>\n<!---->\t\t\t\t\t\t<\/rs-slide>\n\t\t\t\t\t<\/rs-slides>\n\t\t\t\t<\/rs-module>\n\t\t\t\t<script>\n\t\t\t\t\tsetREVStartSize({c: 'rev_slider_1_1',rl:[1240,1024,1024,1024],el:[1000,768,768,768],gw:[1240,1024,1024,1024],gh:[1000,768,768,768],type:'standard',justify:'',layout:'fullwidth',mh:\"0\"});if (window.RS_MODULES!==undefined && window.RS_MODULES.modules!==undefined && window.RS_MODULES.modules[\"revslider11\"]!==undefined) {window.RS_MODULES.modules[\"revslider11\"].once = false;window.revapi1 = undefined;if (window.RS_MODULES.checkMinimal!==undefined) window.RS_MODULES.checkMinimal()}\n\t\t\t\t<\/script>\n\t\t\t<\/rs-module-wrap>\n\t\t\t<!-- END REVOLUTION SLIDER -->\n[\/vc_column][\/vc_row][vc_row gap=&#8220;35&#8243; content_placement=&#8220;middle&#8220; css=&#8220;.vc_custom_1697101279501{padding-top: 200px !important;padding-bottom: 200px !important;}&#8220;][vc_column width=&#8220;1\/2&#8243;][vc_single_image image=&#8220;1484&#8243; img_size=&#8220;450&#215;675&#8243; style=&#8220;vc_box_circle_2&#8243;][\/vc_column][vc_column width=&#8220;1\/2&#8243;][vc_column_text]<\/p>\n<h2>PRE\u010cO B\u00ddVA\u0164 V <strong>REZIDENCII EKEL<\/strong><\/h2>\n<p>&nbsp;<\/p>\n<p style=\"font-size: 20px;\">H\u013ead\u00e1te miesto, kde sa sp\u00e1ja pr\u00edrodn\u00e1 kr\u00e1sa s luxusom a komunitnou atmosf\u00e9rou, potom Okoli\u010dn\u00e1 na Ostrove je pre V\u00e1s. Pr\u00ed\u010fte a objavte svoj nov\u00fd za\u010diatok v tomto raji. V\u00edtame v\u00e1s v Okoli\u010dnej na Ostrove!<\/p>\n<p>[\/vc_column_text][vc_btn title=&#8220;Viac o projekte&#8220; style=&#8220;outline&#8220; shape=&#8220;round&#8220; color=&#8220;black&#8220; size=&#8220;lg&#8220; link=&#8220;url:https%3A%2F%2Fwww.rezidenciaekel.sk%2Findex.php%2Fo-projekte%2F|title:O%20projekte&#8220;][\/vc_column][\/vc_row][vc_row gap=&#8220;35&#8243; content_placement=&#8220;top&#8220;][vc_column width=&#8220;1\/3&#8243;][vc_single_image image=&#8220;1486&#8243; img_size=&#8220;medium&#8220;][vc_column_text]<\/p>\n<h3 style=\"text-align: left;\"><strong>PARKOVANIE V CENE<\/strong><\/h3>\n<p>&nbsp;<\/p>\n<p><span style=\"font-size: large; color: #333333;\">Ak h\u013ead\u00e1te svoj vysn\u00edvan\u00fd domov, kde sa nechcete stresova\u0165 s parkovan\u00edm, m\u00e1me pre V\u00e1s skvel\u00fa spr\u00e1vu. Rezidencia Ekel prin\u00e1\u0161a jedine\u010dn\u00fa pr\u00edle\u017eitos\u0165 pre nov\u00fdch kupuj\u00facich. Neodelite\u013enou s\u00fa\u010das\u0165ou V\u00e1\u0161ho nov\u00e9ho b\u00fdvania s\u00fa dve osobn\u00e9 parkovacie miesta v cene. U\u017e nikdy tak nebudete ma\u0165 probl\u00e9m s h\u013eadan\u00edm parkovacieho miesta po okol\u00ed. Parkujte odteraz pohodlne a bezpe\u010dne v bl\u00edzkosti V\u00e1\u0161ho domova.<\/span>[\/vc_column_text][\/vc_column][vc_column width=&#8220;1\/3&#8243;][vc_single_image image=&#8220;1487&#8243; img_size=&#8220;medium&#8220;][vc_column_text]<\/p>\n<h3 style=\"text-align: left;\"><strong>B\u00ddVANIE V SRDCI OBCE<\/strong><\/h3>\n<p>&nbsp;<\/p>\n<p><span style=\"font-size: large; color: #333333;\">V\u00fdhody b\u00fdvania v srdci obce prin\u00e1\u0161a vynikaj\u00faca dostupnos\u0165 na v\u0161etky strany. Obec disponuje kompletnou ob\u010dianskou vybavenos\u0165ou (\u0161kola, \u0161k\u00f4lka, potraviny, &#8230;), ktor\u00e9 m\u00e1te vzdialen\u00e9 iba 5 min\u00fat ch\u00f4dze od projektu. Autom sa za p\u00e1r min\u00fat dostanete do Kom\u00e1rna, Nov\u00fdch Z\u00e1mkov \u010di Gy\u0151ru. Hlavn\u00e9 mesto je vzdialen\u00e9 iba hodinku od obce.<\/span>[\/vc_column_text][\/vc_column][vc_column width=&#8220;1\/3&#8243;][vc_single_image image=&#8220;1488&#8243; img_size=&#8220;medium&#8220;][vc_column_text]<\/p>\n<h3 style=\"text-align: left;\"><strong>VYBAVENOS\u0164 DOMOVA<\/strong><\/h3>\n<p>&nbsp;<\/p>\n<p><span style=\"font-size: large;\"><span style=\"color: #333333;\">Pre n\u00e1s je d\u00f4le\u017eit\u00e9 aj va\u0161e zdravie a komfort. Preto sme do na\u0161ich jednotiek implementovali rekupera\u010dn\u00e9 jednotky. Tieto modern\u00e9 syst\u00e9my zabezpe\u010dia \u010derstv\u00fd a \u010dist\u00fd vzduch vo va\u0161om dome. S podlahov\u00fdm vykurovan\u00edm si budete m\u00f4c\u0165 u\u017e\u00edva\u0165 tepl\u00e9 a pr\u00edjemn\u00e9 podlahy, ktor\u00e9 dodaj\u00fa v\u00e1\u0161mu domovu \u00fatulnos\u0165 a pohodlie. V\u00fdnimo\u010dnou v\u00fdhodou je mo\u017enos\u0165 dispozi\u010dn\u00fdch zmien. Chceme, aby ste si svoje b\u00fdvanie prisp\u00f4sobili presne pod\u013ea svojich predst\u00e1v.<\/span><\/span>[\/vc_column_text][\/vc_column][\/vc_row][vc_row][vc_column][vc_empty_space height=&#8220;100&#8243;][\/vc_column][\/vc_row][vc_row full_width=&#8220;stretch_row&#8220; css=&#8220;.vc_custom_1696674114031{background-color: #f3f3f3 !important;}&#8220;][vc_column][vc_empty_space height=&#8220;100&#8243;][vc_column_text]<\/p>\n<h2 style=\"text-align: center;\">VA\u0160E NOV\u00c9 B\u00ddVANIE JE U\u017d SKOLAUDOVAN\u00c9!<\/h2>\n<p>[\/vc_column_text][vc_empty_space height=&#8220;100&#8243;][\/vc_column][\/vc_row][vc_row full_width=&#8220;stretch_row&#8220; css=&#8220;.vc_custom_1696674134358{background-color: #869aa5 !important;}&#8220;][vc_column][vc_empty_space height=&#8220;100&#8243;][vc_column_text]<\/p>\n<h2 style=\"text-align: center;\"><span style=\"color: #ffffff;\">FINANCOVANIE V\u00c1\u0160HO B\u00ddVANIA<\/span><\/h2>\n<p>[\/vc_column_text][vc_btn title=&#8220;Viac o financovan\u00ed&#8220; style=&#8220;outline&#8220; shape=&#8220;round&#8220; color=&#8220;white&#8220; size=&#8220;lg&#8220; align=&#8220;center&#8220; link=&#8220;url:https%3A%2F%2Fwww.rezidenciaekel.sk%2Findex.php%2Ffinancovanie%2F&#8220;][vc_empty_space height=&#8220;100&#8243;][\/vc_column][\/vc_row][vc_row][vc_column][vc_empty_space height=&#8220;200&#8243;][\/vc_column][\/vc_row][vc_row full_width=&#8220;stretch_row&#8220; content_placement=&#8220;middle&#8220;][vc_column width=&#8220;1\/4&#8243;][vc_column_text]<\/p>\n<h2><span style=\"color: #000000;\">ATRAKT\u00cdVNA LOKALITA<\/span><\/h2>\n<p>&nbsp;<\/p>\n<p><span style=\"font-size: large; color: #333333;\"><strong>Okoli\u010dn\u00e1 na Ostrove<\/strong> je slovensk\u00e1 obec v okrese <strong>Kom\u00e1rno<\/strong>. Na tomto mieste sa stret\u00e1va <strong>pohoda a pr\u00edrodn\u00fd klenot<\/strong>, \u010d\u00edm vytv\u00e1ra ide\u00e1lnu atmosf\u00e9ru pre t\u00fdch, ktor\u00ed t\u00fa\u017eia po <strong>pokojnom \u017eivote<\/strong> v tichej a <strong>malebnej obci<\/strong>.<\/span>[\/vc_column_text][vc_empty_space height=&#8220;100&#8243;][vc_single_image image=&#8220;1501&#8243; img_size=&#8220;full&#8220; alignment=&#8220;right&#8220;][\/vc_column][vc_column width=&#8220;3\/4&#8243;][vc_single_image image=&#8220;1502&#8243; img_size=&#8220;full&#8220;][\/vc_column][\/vc_row][vc_row][vc_column][vc_empty_space height=&#8220;200&#8243;][\/vc_column][\/vc_row][vc_row full_width=&#8220;stretch_row&#8220; gap=&#8220;35&#8243; content_placement=&#8220;middle&#8220;][vc_column width=&#8220;1\/2&#8243;][vc_column_text]<\/p>\n<h2>PONUKA DOMOV<\/h2>\n<p>&nbsp;<\/p>\n<p><span style=\"font-size: large; color: #333333;\"><strong>Rezidencia Ekel pon\u00faka exkluz\u00edvny rad rodinn\u00fdch domov<\/strong>, kde sa Va\u0161e b\u00fdvanie stane skuto\u010dn\u00fdm snom. Na\u0161a ponuka zah\u0155\u0148a <strong>\u0161t\u00fdlov\u00e9 4-izbov\u00e9<\/strong> radov\u00e9 domy <strong>s rovnakou vn\u00fatornou architekt\u00farou<\/strong>, ktor\u00e1 prin\u00e1\u0161a modern\u00fd komfort a eleganciu.<br \/>\n<\/span><\/p>\n<p><span style=\"color: #000000;\"><span style=\"font-size: large; color: #333333;\"><strong>To, \u010do rob\u00ed na\u0161e domy v\u00fdnimo\u010dn\u00fdmi, je ve\u013ekos\u0165 pri\u013eahl\u00e9ho pozemku.<\/strong> Tu m\u00e1te <strong>mo\u017enos\u0165 si vybra\u0165<\/strong> presne tak\u00fd <strong>pozemok<\/strong>, ktor\u00fd vyhovuje Va\u0161im potreb\u00e1m a predstav\u00e1m. M\u00f4\u017eete si vytvori\u0165 svoj vlastn\u00fd k\u00fasok raja na z\u00e1hrade a u\u017e\u00edva\u0165 si vonkaj\u0161ie aktivity a oddych v s\u00fakrom\u00ed svojho pozemku.<\/span><\/span>[\/vc_column_text][vc_btn title=&#8220;Pozrie\u0165 ponuku domov&#8220; style=&#8220;outline&#8220; shape=&#8220;round&#8220; color=&#8220;black&#8220; size=&#8220;lg&#8220; link=&#8220;url:https%3A%2F%2Fwww.rezidenciaekel.sk%2Findex.php%2Fponuka-domov%2F|title:O%20projekte&#8220;][\/vc_column][vc_column width=&#8220;1\/2&#8243;][vc_single_image image=&#8220;1485&#8243; img_size=&#8220;full&#8220; alignment=&#8220;center&#8220;][\/vc_column][\/vc_row][vc_row][vc_column][vc_empty_space height=&#8220;200&#8243;][\/vc_column][\/vc_row][vc_row full_width=&#8220;stretch_row&#8220; content_placement=&#8220;middle&#8220; css=&#8220;.vc_custom_1698929683056{background-color: #869aa5 !important;}&#8220;][vc_column width=&#8220;1\/4&#8243;][\/vc_column][vc_column width=&#8220;1\/4&#8243;][vc_empty_space height=&#8220;100&#8243;][vc_single_image image=&#8220;2212&#8243; img_size=&#8220;150&#215;160&#8243; alignment=&#8220;center&#8220;][vc_column_text]<\/p>\n<h3 style=\"text-align: center;\"><span style=\"color: #ffffff;\"><strong>MAKL\u00c9R PREDAJA PROJEKTU<\/strong><\/span><\/h3>\n<p>&nbsp;<\/p>\n<h4 style=\"text-align: center;\"><span style=\"color: #ffffff;\">Mgr. Katar\u00edna Szab\u00f3ov\u00e1<\/span><\/h4>\n<h4 style=\"text-align: center;\"><span style=\"color: #ffffff;\">info@bfreality.sk<\/span><br \/>\n<span style=\"color: #ffffff;\">tel.: +421 948 623 651<\/span><\/h4>\n<p>[\/vc_column_text][vc_empty_space height=&#8220;100&#8243;][\/vc_column][vc_column width=&#8220;1\/4&#8243;][vc_empty_space height=&#8220;100&#8243;][vc_single_image image=&#8220;1730&#8243; img_size=&#8220;medium&#8220; alignment=&#8220;center&#8220;][vc_empty_space height=&#8220;100&#8243;][\/vc_column][vc_column width=&#8220;1\/4&#8243;][\/vc_column][\/vc_row]<\/p>\n<\/section>","protected":false},"excerpt":{"rendered":"<p>[vc_row][vc_column][\/vc_column][\/vc_row][vc_row gap=&#8220;35&#8243; content_placement=&#8220;middle&#8220; css=&#8220;.vc_custom_1697101279501{padding-top: 200px !important;padding-bottom: 200px !important;}&#8220;][vc_column width=&#8220;1\/2&#8243;][vc_single_image image=&#8220;1484&#8243; img_size=&#8220;450&#215;675&#8243; style=&#8220;vc_box_circle_2&#8243;][\/vc_column][vc_column width=&#8220;1\/2&#8243;][vc_column_text] PRE\u010cO B\u00ddVA\u0164 V REZIDENCII EKEL &nbsp; H\u013ead\u00e1te miesto, kde sa sp\u00e1ja pr\u00edrodn\u00e1 kr\u00e1sa s luxusom a komunitnou atmosf\u00e9rou, potom Okoli\u010dn\u00e1 na Ostrove je pre V\u00e1s. Pr\u00ed\u010fte a objavte svoj nov\u00fd za\u010diatok v tomto raji. V\u00edtame v\u00e1s v Okoli\u010dnej na Ostrove! [\/vc_column_text][vc_btn title=&#8220;Viac&hellip;<\/p>\n","protected":false},"author":1,"featured_media":0,"parent":0,"menu_order":0,"comment_status":"closed","ping_status":"closed","template":"","meta":{"content-type":"","footnotes":""},"class_list":["post-16","page","type-page","status-publish","hentry"],"acf":[],"yoast_head":"<!-- This site is optimized with the Yoast SEO plugin v21.4 - https:\/\/yoast.com\/wordpress\/plugins\/seo\/ -->\n<title>hlavn\u00e1 str\u00e1nka - Rezidencia Ekel<\/title>\n<meta name=\"robots\" content=\"index, follow, max-snippet:-1, max-image-preview:large, max-video-preview:-1\" \/>\n<link rel=\"canonical\" href=\"https:\/\/www.rezidenciaekel.sk\/\" \/>\n<meta property=\"og:locale\" content=\"sk_SK\" \/>\n<meta property=\"og:type\" content=\"article\" \/>\n<meta property=\"og:title\" content=\"hlavn\u00e1 str\u00e1nka - Rezidencia Ekel\" \/>\n<meta property=\"og:description\" content=\"[vc_row][vc_column][\/vc_column][\/vc_row][vc_row gap=&#8220;35&#8243; content_placement=&#8220;middle&#8220; css=&#8220;.vc_custom_1697101279501{padding-top: 200px !important;padding-bottom: 200px !important;}&#8220;][vc_column width=&#8220;1\/2&#8243;][vc_single_image image=&#8220;1484&#8243; img_size=&#8220;450&#215;675&#8243; style=&#8220;vc_box_circle_2&#8243;][\/vc_column][vc_column width=&#8220;1\/2&#8243;][vc_column_text] PRE\u010cO B\u00ddVA\u0164 V REZIDENCII EKEL &nbsp; H\u013ead\u00e1te miesto, kde sa sp\u00e1ja pr\u00edrodn\u00e1 kr\u00e1sa s luxusom a komunitnou atmosf\u00e9rou, potom Okoli\u010dn\u00e1 na Ostrove je pre V\u00e1s. Pr\u00ed\u010fte a objavte svoj nov\u00fd za\u010diatok v tomto raji. V\u00edtame v\u00e1s v Okoli\u010dnej na Ostrove! [\/vc_column_text][vc_btn title=&#8220;Viac&hellip;\" \/>\n<meta property=\"og:url\" content=\"https:\/\/www.rezidenciaekel.sk\/\" \/>\n<meta property=\"og:site_name\" content=\"Rezidencia Ekel\" \/>\n<meta property=\"article:modified_time\" content=\"2026-02-17T15:39:31+00:00\" \/>\n<meta name=\"twitter:card\" content=\"summary_large_image\" \/>\n<meta name=\"twitter:label1\" content=\"Predpokladan\u00fd \u010das \u010d\u00edtania\" \/>\n\t<meta name=\"twitter:data1\" content=\"3 min\u00faty\" \/>\n<script type=\"application\/ld+json\" class=\"yoast-schema-graph\">{\"@context\":\"https:\/\/schema.org\",\"@graph\":[{\"@type\":\"WebPage\",\"@id\":\"https:\/\/www.rezidenciaekel.sk\/\",\"url\":\"https:\/\/www.rezidenciaekel.sk\/\",\"name\":\"hlavn\u00e1 str\u00e1nka - Rezidencia Ekel\",\"isPartOf\":{\"@id\":\"https:\/\/www.rezidenciaekel.sk\/#website\"},\"datePublished\":\"2022-12-05T11:53:05+00:00\",\"dateModified\":\"2026-02-17T15:39:31+00:00\",\"breadcrumb\":{\"@id\":\"https:\/\/www.rezidenciaekel.sk\/#breadcrumb\"},\"inLanguage\":\"sk-SK\",\"potentialAction\":[{\"@type\":\"ReadAction\",\"target\":[\"https:\/\/www.rezidenciaekel.sk\/\"]}]},{\"@type\":\"BreadcrumbList\",\"@id\":\"https:\/\/www.rezidenciaekel.sk\/#breadcrumb\",\"itemListElement\":[{\"@type\":\"ListItem\",\"position\":1,\"name\":\"Home\",\"item\":\"https:\/\/www.rezidenciaekel.sk\/\"},{\"@type\":\"ListItem\",\"position\":2,\"name\":\"hlavn\u00e1 str\u00e1nka\"}]},{\"@type\":\"WebSite\",\"@id\":\"https:\/\/www.rezidenciaekel.sk\/#website\",\"url\":\"https:\/\/www.rezidenciaekel.sk\/\",\"name\":\"Rezidencia Ekel\",\"description\":\"\",\"potentialAction\":[{\"@type\":\"SearchAction\",\"target\":{\"@type\":\"EntryPoint\",\"urlTemplate\":\"https:\/\/www.rezidenciaekel.sk\/?s={search_term_string}\"},\"query-input\":\"required name=search_term_string\"}],\"inLanguage\":\"sk-SK\"}]}<\/script>\n<!-- \/ Yoast SEO plugin. -->","yoast_head_json":{"title":"hlavn\u00e1 str\u00e1nka - Rezidencia Ekel","robots":{"index":"index","follow":"follow","max-snippet":"max-snippet:-1","max-image-preview":"max-image-preview:large","max-video-preview":"max-video-preview:-1"},"canonical":"https:\/\/www.rezidenciaekel.sk\/","og_locale":"sk_SK","og_type":"article","og_title":"hlavn\u00e1 str\u00e1nka - Rezidencia Ekel","og_description":"[vc_row][vc_column][\/vc_column][\/vc_row][vc_row gap=&#8220;35&#8243; content_placement=&#8220;middle&#8220; css=&#8220;.vc_custom_1697101279501{padding-top: 200px !important;padding-bottom: 200px !important;}&#8220;][vc_column width=&#8220;1\/2&#8243;][vc_single_image image=&#8220;1484&#8243; img_size=&#8220;450&#215;675&#8243; style=&#8220;vc_box_circle_2&#8243;][\/vc_column][vc_column width=&#8220;1\/2&#8243;][vc_column_text] PRE\u010cO B\u00ddVA\u0164 V REZIDENCII EKEL &nbsp; H\u013ead\u00e1te miesto, kde sa sp\u00e1ja pr\u00edrodn\u00e1 kr\u00e1sa s luxusom a komunitnou atmosf\u00e9rou, potom Okoli\u010dn\u00e1 na Ostrove je pre V\u00e1s. Pr\u00ed\u010fte a objavte svoj nov\u00fd za\u010diatok v tomto raji. V\u00edtame v\u00e1s v Okoli\u010dnej na Ostrove! [\/vc_column_text][vc_btn title=&#8220;Viac&hellip;","og_url":"https:\/\/www.rezidenciaekel.sk\/","og_site_name":"Rezidencia Ekel","article_modified_time":"2026-02-17T15:39:31+00:00","twitter_card":"summary_large_image","twitter_misc":{"Predpokladan\u00fd \u010das \u010d\u00edtania":"3 min\u00faty"},"schema":{"@context":"https:\/\/schema.org","@graph":[{"@type":"WebPage","@id":"https:\/\/www.rezidenciaekel.sk\/","url":"https:\/\/www.rezidenciaekel.sk\/","name":"hlavn\u00e1 str\u00e1nka - Rezidencia Ekel","isPartOf":{"@id":"https:\/\/www.rezidenciaekel.sk\/#website"},"datePublished":"2022-12-05T11:53:05+00:00","dateModified":"2026-02-17T15:39:31+00:00","breadcrumb":{"@id":"https:\/\/www.rezidenciaekel.sk\/#breadcrumb"},"inLanguage":"sk-SK","potentialAction":[{"@type":"ReadAction","target":["https:\/\/www.rezidenciaekel.sk\/"]}]},{"@type":"BreadcrumbList","@id":"https:\/\/www.rezidenciaekel.sk\/#breadcrumb","itemListElement":[{"@type":"ListItem","position":1,"name":"Home","item":"https:\/\/www.rezidenciaekel.sk\/"},{"@type":"ListItem","position":2,"name":"hlavn\u00e1 str\u00e1nka"}]},{"@type":"WebSite","@id":"https:\/\/www.rezidenciaekel.sk\/#website","url":"https:\/\/www.rezidenciaekel.sk\/","name":"Rezidencia Ekel","description":"","potentialAction":[{"@type":"SearchAction","target":{"@type":"EntryPoint","urlTemplate":"https:\/\/www.rezidenciaekel.sk\/?s={search_term_string}"},"query-input":"required name=search_term_string"}],"inLanguage":"sk-SK"}]}},"_links":{"self":[{"href":"https:\/\/www.rezidenciaekel.sk\/index.php\/wp-json\/wp\/v2\/pages\/16","targetHints":{"allow":["GET"]}}],"collection":[{"href":"https:\/\/www.rezidenciaekel.sk\/index.php\/wp-json\/wp\/v2\/pages"}],"about":[{"href":"https:\/\/www.rezidenciaekel.sk\/index.php\/wp-json\/wp\/v2\/types\/page"}],"author":[{"embeddable":true,"href":"https:\/\/www.rezidenciaekel.sk\/index.php\/wp-json\/wp\/v2\/users\/1"}],"replies":[{"embeddable":true,"href":"https:\/\/www.rezidenciaekel.sk\/index.php\/wp-json\/wp\/v2\/comments?post=16"}],"version-history":[{"count":143,"href":"https:\/\/www.rezidenciaekel.sk\/index.php\/wp-json\/wp\/v2\/pages\/16\/revisions"}],"predecessor-version":[{"id":2231,"href":"https:\/\/www.rezidenciaekel.sk\/index.php\/wp-json\/wp\/v2\/pages\/16\/revisions\/2231"}],"wp:attachment":[{"href":"https:\/\/www.rezidenciaekel.sk\/index.php\/wp-json\/wp\/v2\/media?parent=16"}],"curies":[{"name":"wp","href":"https:\/\/api.w.org\/{rel}","templated":true}]}}