{"id":1752,"date":"2023-10-24T11:10:03","date_gmt":"2023-10-24T09:10:03","guid":{"rendered":"https:\/\/www.rezidenciaekel.sk\/index.php\/hlavna-stranka-magyar\/"},"modified":"2026-02-17T16:47:03","modified_gmt":"2026-02-17T15:47:03","slug":"hlavna-stranka-magyar","status":"publish","type":"page","link":"https:\/\/www.rezidenciaekel.sk\/index.php\/hu\/hlavna-stranka-magyar\/","title":{"rendered":"hlavn\u00e1 str\u00e1nka &#8211; Magyar"},"content":{"rendered":"<section class=\"wpb-content-wrapper\"><p>[vc_row][vc_column]\n\t\t\t<!-- START Slider 1 magyar REVOLUTION SLIDER 6.6.7 --><p class=\"rs-p-wp-fix\"><\/p>\n\t\t\t<rs-module-wrap id=\"rev_slider_4_1_wrapper\" data-source=\"gallery\" style=\"visibility:hidden;background:transparent;padding:0;margin:0px auto;margin-top:0;margin-bottom:0;\">\n\t\t\t\t<rs-module id=\"rev_slider_4_1\" style=\"\" data-version=\"6.6.7\">\n\t\t\t\t\t<rs-slides style=\"overflow: hidden; position: absolute;\">\n\t\t\t\t\t\t<rs-slide style=\"position: absolute;\" data-key=\"rs-10\" data-title=\"Slide\" data-in=\"o:0;\" data-out=\"a:false;\">\n\t\t\t\t\t\t\t<img decoding=\"async\" src=\"\/\/www.rezidenciaekel.sk\/wp-content\/plugins\/revslider\/public\/assets\/assets\/dummy.png\" alt=\"\" title=\"fotka k7 z\" width=\"2250\" height=\"1432\" class=\"rev-slidebg tp-rs-img rs-lazyload\" data-lazyload=\"\/\/www.rezidenciaekel.sk\/wp-content\/uploads\/2023\/10\/fotka-k7-z.jpg\" data-no-retina>\n<!--\n\t\t\t\t\t\t\t--><a\n\t\t\t\t\t\t\t\tid=\"slider-4-slide-10-layer-2\" \n\t\t\t\t\t\t\t\tclass=\"rs-layer rev-btn\"\n\t\t\t\t\t\t\t\thref=\"https:\/\/www.rezidenciaekel.sk\/index.php\/hu\/hazak-kinalata\/\" target=\"_self\"\n\t\t\t\t\t\t\t\tdata-type=\"button\"\n\t\t\t\t\t\t\t\tdata-color=\"#000000\"\n\t\t\t\t\t\t\t\tdata-rsp_ch=\"on\"\n\t\t\t\t\t\t\t\tdata-xy=\"xo:20px,16px,16px,16px;yo:577px,476px,476px,476px;\"\n\t\t\t\t\t\t\t\tdata-text=\"w:normal;s:24,19,19,19;l:52,42,42,42;fw:500;\"\n\t\t\t\t\t\t\t\tdata-dim=\"minh:0,none,0,0;\"\n\t\t\t\t\t\t\t\tdata-padding=\"t:5,4,4,4;r:40,33,33,33;b:5,4,4,4;l:40,33,33,33;\"\n\t\t\t\t\t\t\t\tdata-border=\"bor:32px,32px,32px,32px;\"\n\t\t\t\t\t\t\t\tdata-frame_0=\"y:-50,-41,-41,-41;\"\n\t\t\t\t\t\t\t\tdata-frame_1=\"sp:1000;\"\n\t\t\t\t\t\t\t\tdata-frame_999=\"o:0;st:w;sp:750;sR:4000;\"\n\t\t\t\t\t\t\t\tdata-frame_hover=\"c:#fff;bgc:#000;bor:32px,32px,32px,32px;\"\n\t\t\t\t\t\t\t\tstyle=\"z-index:6;background-color:rgba(255,255,255,1);font-family:'Roboto';\"\n\t\t\t\t\t\t\t>LAK\u00c1S AJ\u00c1NLAT \n\t\t\t\t\t\t\t<\/a><!--\n\n\t\t\t\t\t\t\t--><rs-layer\n\t\t\t\t\t\t\t\tid=\"slider-4-slide-10-layer-3\" \n\t\t\t\t\t\t\t\tdata-type=\"text\"\n\t\t\t\t\t\t\t\tdata-tsh=\"c:rgba(0,0,0,0.89);h:5px,4px,4px,4px;v:5px,4px,4px,4px;b:5px,4px,4px,4px;\"\n\t\t\t\t\t\t\t\tdata-rsp_ch=\"on\"\n\t\t\t\t\t\t\t\tdata-xy=\"xo:19px,15px,15px,15px;yo:680px,561px,561px,561px;\"\n\t\t\t\t\t\t\t\tdata-text=\"w:normal;s:65,53,53,53;l:97,80,80,80;\"\n\t\t\t\t\t\t\t\tdata-frame_0=\"x:-50,-41,-41,-41;\"\n\t\t\t\t\t\t\t\tdata-frame_1=\"st:280;sp:1000;sR:280;\"\n\t\t\t\t\t\t\t\tdata-frame_999=\"o:0;st:w;sR:3720;\"\n\t\t\t\t\t\t\t\tstyle=\"z-index:7;font-family:'Roboto';\"\n\t\t\t\t\t\t\t>LAKJON EKEL SZ\u00cdV\u00c9BEN \n\t\t\t\t\t\t\t<\/rs-layer><!--\n-->\t\t\t\t\t\t<\/rs-slide>\n\t\t\t\t\t\t<rs-slide style=\"position: absolute;\" data-key=\"rs-11\" data-title=\"Slide\" data-in=\"o:0;\" data-out=\"a:false;\">\n\t\t\t\t\t\t\t<img decoding=\"async\" src=\"\/\/www.rezidenciaekel.sk\/wp-content\/plugins\/revslider\/public\/assets\/assets\/dummy.png\" alt=\"\" title=\"fotka k4\" width=\"2250\" height=\"1432\" class=\"rev-slidebg tp-rs-img rs-lazyload\" data-lazyload=\"\/\/www.rezidenciaekel.sk\/wp-content\/uploads\/2023\/10\/fotka-k4-1.jpg\" data-no-retina>\n<!---->\t\t\t\t\t\t<\/rs-slide>\n\t\t\t\t\t\t<rs-slide style=\"position: absolute;\" data-key=\"rs-12\" data-title=\"Slide\" data-in=\"o:0;\" data-out=\"a:false;\">\n\t\t\t\t\t\t\t<img decoding=\"async\" src=\"\/\/www.rezidenciaekel.sk\/wp-content\/plugins\/revslider\/public\/assets\/assets\/dummy.png\" alt=\"\" title=\"fotka k8 zz\" width=\"2250\" height=\"1432\" class=\"rev-slidebg tp-rs-img rs-lazyload\" data-lazyload=\"\/\/www.rezidenciaekel.sk\/wp-content\/uploads\/2023\/10\/fotka-k8-zz.jpg\" data-no-retina>\n<!--\n\t\t\t\t\t\t\t--><a\n\t\t\t\t\t\t\t\tid=\"slider-4-slide-12-layer-2\" \n\t\t\t\t\t\t\t\tclass=\"rs-layer rev-btn\"\n\t\t\t\t\t\t\t\thref=\"https:\/\/www.rezidenciaekel.sk\/index.php\/hu\/parkolasi-ajanlat\/\" target=\"_self\"\n\t\t\t\t\t\t\t\tdata-type=\"button\"\n\t\t\t\t\t\t\t\tdata-color=\"#000000\"\n\t\t\t\t\t\t\t\tdata-rsp_ch=\"on\"\n\t\t\t\t\t\t\t\tdata-xy=\"xo:20px,16px,16px,16px;yo:577px,476px,476px,476px;\"\n\t\t\t\t\t\t\t\tdata-text=\"w:normal;s:24,19,19,19;l:52,42,42,42;fw:500;\"\n\t\t\t\t\t\t\t\tdata-dim=\"minh:0,none,0,0;\"\n\t\t\t\t\t\t\t\tdata-padding=\"t:5,4,4,4;r:40,33,33,33;b:5,4,4,4;l:40,33,33,33;\"\n\t\t\t\t\t\t\t\tdata-border=\"bor:32px,32px,32px,32px;\"\n\t\t\t\t\t\t\t\tdata-frame_0=\"y:-50,-41,-41,-41;\"\n\t\t\t\t\t\t\t\tdata-frame_1=\"sp:1000;\"\n\t\t\t\t\t\t\t\tdata-frame_999=\"o:0;st:4900;sR:8700;\"\n\t\t\t\t\t\t\t\tdata-frame_hover=\"c:#fff;bgc:#000;bor:32px,32px,32px,32px;\"\n\t\t\t\t\t\t\t\tstyle=\"z-index:6;background-color:rgba(255,255,255,1);font-family:'Roboto';\"\n\t\t\t\t\t\t\t>PARKOL\u00c1SI AJ\u00c1NLAT  \n\t\t\t\t\t\t\t<\/a><!--\n\n\t\t\t\t\t\t\t--><rs-layer\n\t\t\t\t\t\t\t\tid=\"slider-4-slide-12-layer-3\" \n\t\t\t\t\t\t\t\tdata-type=\"text\"\n\t\t\t\t\t\t\t\tdata-tsh=\"c:rgba(0,0,0,0.89);h:5px,4px,4px,4px;v:5px,4px,4px,4px;b:5px,4px,4px,4px;\"\n\t\t\t\t\t\t\t\tdata-rsp_ch=\"on\"\n\t\t\t\t\t\t\t\tdata-xy=\"xo:19px,15px,15px,15px;yo:680px,561px,561px,561px;\"\n\t\t\t\t\t\t\t\tdata-text=\"w:normal;s:65,53,53,53;l:97,80,80,80;\"\n\t\t\t\t\t\t\t\tdata-frame_0=\"x:-50,-41,-41,-41;\"\n\t\t\t\t\t\t\t\tdata-frame_1=\"st:280;sp:1000;\"\n\t\t\t\t\t\t\t\tdata-frame_999=\"o:0;st:w;sR:8420;\"\n\t\t\t\t\t\t\t\tstyle=\"z-index:7;font-family:'Roboto';\"\n\t\t\t\t\t\t\t>Parkol\u00e1s az \u00e1rban az els\u0151 h\u00e1rom \u00fcgyf\u00e9l sz\u00e1m\u00e1ra \n\t\t\t\t\t\t\t<\/rs-layer><!--\n-->\t\t\t\t\t\t<\/rs-slide>\n\t\t\t\t\t\t<rs-slide style=\"position: absolute;\" data-key=\"rs-13\" data-title=\"Slide\" data-in=\"o:0;\" data-out=\"a:false;\">\n\t\t\t\t\t\t\t<img decoding=\"async\" src=\"\/\/www.rezidenciaekel.sk\/wp-content\/plugins\/revslider\/public\/assets\/assets\/dummy.png\" alt=\"\" title=\"fotka k3-j\" width=\"2250\" height=\"1432\" class=\"rev-slidebg tp-rs-img rs-lazyload\" data-lazyload=\"\/\/www.rezidenciaekel.sk\/wp-content\/uploads\/2023\/10\/fotka-k3-j.jpg\" data-no-retina>\n<!---->\t\t\t\t\t\t<\/rs-slide>\n\t\t\t\t\t<\/rs-slides>\n\t\t\t\t<\/rs-module>\n\t\t\t\t<script>\n\t\t\t\t\tsetREVStartSize({c: 'rev_slider_4_1',rl:[1240,1024,1024,1024],el:[1000,768,768,768],gw:[1240,1024,1024,1024],gh:[1000,768,768,768],type:'standard',justify:'',layout:'fullwidth',mh:\"0\"});if (window.RS_MODULES!==undefined && window.RS_MODULES.modules!==undefined && window.RS_MODULES.modules[\"revslider41\"]!==undefined) {window.RS_MODULES.modules[\"revslider41\"].once = false;window.revapi4 = undefined;if (window.RS_MODULES.checkMinimal!==undefined) window.RS_MODULES.checkMinimal()}\n\t\t\t\t<\/script>\n\t\t\t<\/rs-module-wrap>\n\t\t\t<!-- END REVOLUTION SLIDER -->\n[\/vc_column][\/vc_row][vc_row gap=&#8220;35&#8243; content_placement=&#8220;middle&#8220; css=&#8220;.vc_custom_1697101279501{padding-top: 200px !important;padding-bottom: 200px !important;}&#8220;][vc_column width=&#8220;1\/2&#8243;][vc_single_image image=&#8220;1484&#8243; img_size=&#8220;450&#215;675&#8243; style=&#8220;vc_box_circle_2&#8243;][\/vc_column][vc_column width=&#8220;1\/2&#8243;][vc_column_text]<\/p>\n<h2>MI\u00c9RT LAKJON AZ EKEL REZIDENCI\u00d3BA<\/h2>\n<p>&nbsp;<\/p>\n<p style=\"font-size: 20px;\">Ha olyan helyet keres, ahol a term\u00e9szeti sz\u00e9ps\u00e9g luxussal \u00e9s k\u00f6z\u00f6ss\u00e9gi l\u00e9gk\u00f6rrel p\u00e1rosul, akkor az Ekeli rezidenci\u00f3 az \u00d6n sz\u00e1m\u00e1ra k\u00e9sz\u00fclt. Fedezze fel az \u00faj kezdetet ebben a paradicsomban. \u00dcdv\u00f6z\u00f6lj\u00fck Ekelen!<\/p>\n<p>[\/vc_column_text][vc_btn title=&#8220;B\u0151vebben a projektr\u0151l&#8220; style=&#8220;outline&#8220; shape=&#8220;round&#8220; color=&#8220;black&#8220; size=&#8220;lg&#8220; link=&#8220;url:https%3A%2F%2Fwww.rezidenciaekel.sk%2Findex.php%2Fhu%2Fa-projektrol%2F|title:O%20projekte&#8220;][\/vc_column][\/vc_row][vc_row gap=&#8220;35&#8243; content_placement=&#8220;top&#8220;][vc_column width=&#8220;1\/3&#8243;][vc_single_image image=&#8220;1486&#8243; img_size=&#8220;medium&#8220;][vc_column_text]<\/p>\n<h3 style=\"text-align: left;\"><strong>PARKOL\u00c1S AZ \u00c1RBAN<\/strong><\/h3>\n<p>&nbsp;<\/p>\n<p><span style=\"font-size: large; color: #333333;\">Ha \u00e1lmai otthon\u00e1t keresi, ahol nem szeretne stresszelni a parkol\u00e1s miatt, nagyszer\u0171 h\u00edr\u00fcnk van. Az Ekel rezidencia egyed\u00fcl\u00e1ll\u00f3 lehet\u0151s\u00e9get k\u00edn\u00e1l \u00faj v\u00e1s\u00e1rl\u00f3knak. A k\u00e9t szem\u00e9lyes parkol\u00f3hely az \u00e1rban az \u00d6n \u00faj otthon\u00e1nak szerves r\u00e9sz\u00e9t k\u00e9pezi. \u00cdgy soha nem lesz probl\u00e9ma parkol\u00f3helyet tal\u00e1lni a k\u00f6rny\u00e9ken. Mostant\u00f3l parkoljon k\u00e9nyelmesen \u00e9s biztons\u00e1gosan otthona k\u00f6zel\u00e9ben.<\/span>[\/vc_column_text][\/vc_column][vc_column width=&#8220;1\/3&#8243;][vc_single_image image=&#8220;1487&#8243; img_size=&#8220;medium&#8220;][vc_column_text]<\/p>\n<h3 style=\"text-align: left;\"><strong>LAKJON A\u00a0FALU SZ\u00cdV\u00c9BEN<\/strong><\/h3>\n<p>&nbsp;<\/p>\n<p><span style=\"font-size: large; color: #333333;\">A falu sz\u00edv\u00e9ben val\u00f3 lakhat\u00e1s el\u0151nye a minden ir\u00e1nyb\u00f3l val\u00f3 kiv\u00e1l\u00f3 megk\u00f6zel\u00edthet\u0151s\u00e9g. A falu teljes polg\u00e1ri felszerelts\u00e9ggel rendelkezik (iskola, \u00f3voda, \u00e9lelmiszerboltok stb.), amelyek mind\u00f6ssze 5 perces s\u00e9t\u00e1ra vannak a projektt\u0151l. Kom\u00e1rom, Nov\u00e9 Z\u00e1mky vagy Gy\u0151r aut\u00f3val p\u00e1r perc alatt el\u00e9rhet\u0151. A f\u0151v\u00e1ros csak egy \u00f3ra t\u00e1vols\u00e1gra van a falut\u00f3l.<\/span>[\/vc_column_text][\/vc_column][vc_column width=&#8220;1\/3&#8243;][vc_single_image image=&#8220;1488&#8243; img_size=&#8220;medium&#8220;][vc_column_text]<\/p>\n<h3 style=\"text-align: left;\"><strong>OTTHONI K\u00c9NYELEM<\/strong><\/h3>\n<p>&nbsp;<\/p>\n<p><span style=\"font-size: large;\"><span style=\"color: #333333;\">Az \u00d6n eg\u00e9szs\u00e9ge \u00e9s k\u00e9nyelme is fontos sz\u00e1munkra. Ez\u00e9rt telep\u00edtett\u00fck egys\u00e9geinkben a helyre\u00e1ll\u00edt\u00e1si egys\u00e9geket. Ezek a modern rendszerek friss \u00e9s tiszta leveg\u0151t biztos\u00edtanak otthon\u00e1ban. A padl\u00f3f\u0171t\u00e9ssel meleg \u00e9s kellemes padl\u00f3t \u00e9lvezhet, amely otthonoss\u00e1 \u00e9s komfortoss\u00e1 teszi otthon\u00e1t. Kiv\u00e9teles el\u0151nye az elrendez\u00e9s megv\u00e1ltoztat\u00e1s\u00e1nak lehet\u0151s\u00e9ge. Szeretn\u00e9nk, ha otthon\u00e1t pontosan az \u00d6n k\u00edv\u00e1ns\u00e1gai szerint alak\u00edtan\u00e1 ki.<\/span><\/span>[\/vc_column_text][\/vc_column][\/vc_row][vc_row][vc_column][vc_empty_space height=&#8220;100&#8243;][\/vc_column][\/vc_row][vc_row full_width=&#8220;stretch_row&#8220; css=&#8220;.vc_custom_1696674114031{background-color: #f3f3f3 !important;}&#8220;][vc_column][vc_empty_space height=&#8220;100&#8243;][vc_column_text]<\/p>\n<h2 style=\"text-align: center;\">AZ \u00d6N \u00daJ OTTHONA M\u00c1R K\u00c9SZEN \u00c1LL!<\/h2>\n<p>[\/vc_column_text][vc_empty_space height=&#8220;100&#8243;][\/vc_column][\/vc_row][vc_row full_width=&#8220;stretch_row&#8220; css=&#8220;.vc_custom_1696674134358{background-color: #869aa5 !important;}&#8220;][vc_column][vc_empty_space height=&#8220;100&#8243;][vc_column_text]<\/p>\n<h2 style=\"text-align: center;\"><span style=\"color: #ffffff;\">A LAK\u00c1S FINANSZ\u00cdROZ\u00c1SA<\/span><\/h2>\n<p>[\/vc_column_text][vc_btn title=&#8220;B\u0151vebben a finansz\u00edroz\u00e1sr\u00f3l&#8220; style=&#8220;outline&#8220; shape=&#8220;round&#8220; color=&#8220;white&#8220; size=&#8220;lg&#8220; align=&#8220;center&#8220; link=&#8220;url:https%3A%2F%2Fwww.rezidenciaekel.sk%2Findex.php%2Fhu%2Ffinanszirozas%2F|title:Finansz%C3%ADroz%C3%A1s&#8220;][vc_empty_space height=&#8220;100&#8243;][\/vc_column][\/vc_row][vc_row][vc_column][vc_empty_space height=&#8220;200&#8243;][\/vc_column][\/vc_row][vc_row full_width=&#8220;stretch_row&#8220; content_placement=&#8220;middle&#8220;][vc_column width=&#8220;1\/4&#8243;][vc_column_text]<\/p>\n<h2><span style=\"color: #000000;\">VONZ\u00d3 HELYSZ\u00cdN<\/span><\/h2>\n<p>&nbsp;<\/p>\n<p><span style=\"font-size: large; color: #333333;\">Ekel a Kom\u00e1romi j\u00e1r\u00e1sban tal\u00e1lhat\u00f3. Ezen a helyen a nyugalom \u00e9s a term\u00e9szet csod\u00e1i tal\u00e1lkoznak, ide\u00e1lis l\u00e9gk\u00f6rt teremtve azoknak, akik egy csendes faluban nyugodt \u00e9letre v\u00e1gynak.<\/span>[\/vc_column_text][vc_empty_space height=&#8220;100&#8243;][vc_single_image image=&#8220;1983&#8243; img_size=&#8220;full&#8220; alignment=&#8220;right&#8220;][\/vc_column][vc_column width=&#8220;3\/4&#8243;][vc_single_image image=&#8220;1984&#8243; img_size=&#8220;full&#8220;][\/vc_column][\/vc_row][vc_row][vc_column][vc_empty_space height=&#8220;200&#8243;][\/vc_column][\/vc_row][vc_row full_width=&#8220;stretch_row&#8220; gap=&#8220;35&#8243; content_placement=&#8220;middle&#8220;][vc_column width=&#8220;1\/2&#8243;][vc_column_text]<\/p>\n<h2>H\u00c1ZAK K\u00cdNALATA<\/h2>\n<p>&nbsp;<\/p>\n<p><span style=\"font-size: large; color: #333333;\"><strong>Az Ekeli rezidencia exkluz\u00edv csal\u00e1di h\u00e1zak<\/strong> v\u00e1laszt\u00e9k\u00e1t k\u00edn\u00e1lja, ahol az \u00d6n \u00e9lete igazi \u00e1lomm\u00e1 v\u00e1lik. K\u00edn\u00e1latunkban megtal\u00e1lhat\u00f3ak a st\u00edlusos <strong>4 szob\u00e1s sorh\u00e1zak,<\/strong> azonos bels\u0151\u00e9p\u00edt\u00e9szeti kialak\u00edt\u00e1ssal, amely modern k\u00e9nyelmet \u00e9s eleganci\u00e1t hoz.<br \/>\n<\/span><\/p>\n<p><span style=\"color: #000000;\"><span style=\"font-size: large; color: #333333;\"><strong>Otthonainkat a telek m\u00e9rete teszi k\u00fcl\u00f6nlegess\u00e9.<\/strong> Itt lehet\u0151s\u00e9ge van arra, hogy pontosan az \u00d6n ig\u00e9nyeinek \u00e9s elk\u00e9pzel\u00e9seinek megfelel\u0151 f\u00f6ldter\u00fcletet v\u00e1lassza ki. L\u00e9trehozhatja saj\u00e1t paradicsom\u00e1t a kertben, \u00e9s \u00e9lvezheti a szabadt\u00e9ri tev\u00e9kenys\u00e9geket \u00e9s a pihen\u00e9st.<\/span><\/span>[\/vc_column_text][vc_btn title=&#8220;N\u00e9zze meg a h\u00e1zak k\u00edn\u00e1lat\u00e1t&#8220; style=&#8220;outline&#8220; shape=&#8220;round&#8220; color=&#8220;black&#8220; size=&#8220;lg&#8220; link=&#8220;url:https%3A%2F%2Fwww.rezidenciaekel.sk%2Findex.php%2Fponuka-domov%2F|title:O%20projekte&#8220;][\/vc_column][vc_column width=&#8220;1\/2&#8243;][vc_single_image image=&#8220;1485&#8243; img_size=&#8220;full&#8220; alignment=&#8220;center&#8220;][\/vc_column][\/vc_row][vc_row][vc_column][vc_empty_space height=&#8220;200&#8243;][\/vc_column][\/vc_row][vc_row full_width=&#8220;stretch_row&#8220; gap=&#8220;35&#8243; content_placement=&#8220;middle&#8220; css=&#8220;.vc_custom_1697139109885{background-color: #869aa5 !important;}&#8220;][vc_column width=&#8220;1\/2&#8243;][vc_empty_space height=&#8220;100&#8243;][vc_single_image image=&#8220;2214&#8243; img_size=&#8220;150&#215;160&#8243; alignment=&#8220;center&#8220;][vc_column_text]<\/p>\n<h3 style=\"text-align: center;\"><span style=\"color: #ffffff;\"><strong>Ingatlan\u00fcgyn\u00f6k<\/strong><\/span><\/h3>\n<p>&nbsp;<\/p>\n<h4 style=\"text-align: center;\"><span style=\"color: #ffffff;\">Mgr. Katar\u00edna Szab\u00f3ov\u00e1<\/span><\/h4>\n<h4 style=\"text-align: center;\"><span style=\"color: #ffffff;\">info@bfreality.sk<\/span><br \/>\n<span style=\"color: #ffffff;\">tel.: +421 948 623 651<\/span><\/h4>\n<p>[\/vc_column_text][vc_empty_space height=&#8220;100&#8243;][\/vc_column][vc_column width=&#8220;1\/2&#8243;][vc_empty_space height=&#8220;100&#8243;][vc_single_image image=&#8220;2177&#8243; img_size=&#8220;full&#8220; alignment=&#8220;center&#8220;][vc_empty_space height=&#8220;100&#8243;][\/vc_column][\/vc_row]<\/p>\n<\/section>","protected":false},"excerpt":{"rendered":"<p>[vc_row][vc_column][\/vc_column][\/vc_row][vc_row gap=&#8220;35&#8243; content_placement=&#8220;middle&#8220; css=&#8220;.vc_custom_1697101279501{padding-top: 200px !important;padding-bottom: 200px !important;}&#8220;][vc_column width=&#8220;1\/2&#8243;][vc_single_image image=&#8220;1484&#8243; img_size=&#8220;450&#215;675&#8243; style=&#8220;vc_box_circle_2&#8243;][\/vc_column][vc_column width=&#8220;1\/2&#8243;][vc_column_text] MI\u00c9RT LAKJON AZ EKEL REZIDENCI\u00d3BA &nbsp; Ha olyan helyet keres, ahol a term\u00e9szeti sz\u00e9ps\u00e9g luxussal \u00e9s k\u00f6z\u00f6ss\u00e9gi l\u00e9gk\u00f6rrel p\u00e1rosul, akkor az Ekeli rezidenci\u00f3 az \u00d6n sz\u00e1m\u00e1ra k\u00e9sz\u00fclt. Fedezze fel az \u00faj kezdetet ebben a paradicsomban. \u00dcdv\u00f6z\u00f6lj\u00fck Ekelen! [\/vc_column_text][vc_btn title=&#8220;B\u0151vebben a projektr\u0151l&#8220; style=&#8220;outline&#8220;&hellip;<\/p>\n","protected":false},"author":1,"featured_media":0,"parent":0,"menu_order":0,"comment_status":"closed","ping_status":"closed","template":"","meta":{"content-type":"","footnotes":""},"class_list":["post-1752","page","type-page","status-publish","hentry"],"acf":[],"yoast_head":"<!-- This site is optimized with the Yoast SEO plugin v21.4 - https:\/\/yoast.com\/wordpress\/plugins\/seo\/ -->\n<title>hlavn\u00e1 str\u00e1nka - Magyar - Rezidencia Ekel<\/title>\n<meta name=\"robots\" content=\"index, follow, max-snippet:-1, max-image-preview:large, max-video-preview:-1\" \/>\n<link rel=\"canonical\" href=\"https:\/\/www.rezidenciaekel.sk\/index.php\/hu\/hlavna-stranka-magyar\/\" \/>\n<meta property=\"og:locale\" content=\"sk_SK\" \/>\n<meta property=\"og:type\" content=\"article\" \/>\n<meta property=\"og:title\" content=\"hlavn\u00e1 str\u00e1nka - Magyar - Rezidencia Ekel\" \/>\n<meta property=\"og:description\" content=\"[vc_row][vc_column][\/vc_column][\/vc_row][vc_row gap=&#8220;35&#8243; content_placement=&#8220;middle&#8220; css=&#8220;.vc_custom_1697101279501{padding-top: 200px !important;padding-bottom: 200px !important;}&#8220;][vc_column width=&#8220;1\/2&#8243;][vc_single_image image=&#8220;1484&#8243; img_size=&#8220;450&#215;675&#8243; style=&#8220;vc_box_circle_2&#8243;][\/vc_column][vc_column width=&#8220;1\/2&#8243;][vc_column_text] MI\u00c9RT LAKJON AZ EKEL REZIDENCI\u00d3BA &nbsp; Ha olyan helyet keres, ahol a term\u00e9szeti sz\u00e9ps\u00e9g luxussal \u00e9s k\u00f6z\u00f6ss\u00e9gi l\u00e9gk\u00f6rrel p\u00e1rosul, akkor az Ekeli rezidenci\u00f3 az \u00d6n sz\u00e1m\u00e1ra k\u00e9sz\u00fclt. Fedezze fel az \u00faj kezdetet ebben a paradicsomban. \u00dcdv\u00f6z\u00f6lj\u00fck Ekelen! [\/vc_column_text][vc_btn title=&#8220;B\u0151vebben a projektr\u0151l&#8220; style=&#8220;outline&#8220;&hellip;\" \/>\n<meta property=\"og:url\" content=\"https:\/\/www.rezidenciaekel.sk\/index.php\/hu\/hlavna-stranka-magyar\/\" \/>\n<meta property=\"og:site_name\" content=\"Rezidencia Ekel\" \/>\n<meta property=\"article:modified_time\" content=\"2026-02-17T15:47:03+00:00\" \/>\n<meta name=\"twitter:card\" content=\"summary_large_image\" \/>\n<meta name=\"twitter:label1\" content=\"Predpokladan\u00fd \u010das \u010d\u00edtania\" \/>\n\t<meta name=\"twitter:data1\" content=\"3 min\u00faty\" \/>\n<script type=\"application\/ld+json\" class=\"yoast-schema-graph\">{\"@context\":\"https:\/\/schema.org\",\"@graph\":[{\"@type\":\"WebPage\",\"@id\":\"https:\/\/www.rezidenciaekel.sk\/index.php\/hu\/hlavna-stranka-magyar\/\",\"url\":\"https:\/\/www.rezidenciaekel.sk\/index.php\/hu\/hlavna-stranka-magyar\/\",\"name\":\"hlavn\u00e1 str\u00e1nka - Magyar - Rezidencia Ekel\",\"isPartOf\":{\"@id\":\"https:\/\/www.rezidenciaekel.sk\/#website\"},\"datePublished\":\"2023-10-24T09:10:03+00:00\",\"dateModified\":\"2026-02-17T15:47:03+00:00\",\"breadcrumb\":{\"@id\":\"https:\/\/www.rezidenciaekel.sk\/index.php\/hu\/hlavna-stranka-magyar\/#breadcrumb\"},\"inLanguage\":\"sk-SK\",\"potentialAction\":[{\"@type\":\"ReadAction\",\"target\":[\"https:\/\/www.rezidenciaekel.sk\/index.php\/hu\/hlavna-stranka-magyar\/\"]}]},{\"@type\":\"BreadcrumbList\",\"@id\":\"https:\/\/www.rezidenciaekel.sk\/index.php\/hu\/hlavna-stranka-magyar\/#breadcrumb\",\"itemListElement\":[{\"@type\":\"ListItem\",\"position\":1,\"name\":\"Home\",\"item\":\"https:\/\/www.rezidenciaekel.sk\/\"},{\"@type\":\"ListItem\",\"position\":2,\"name\":\"hlavn\u00e1 str\u00e1nka &#8211; Magyar\"}]},{\"@type\":\"WebSite\",\"@id\":\"https:\/\/www.rezidenciaekel.sk\/#website\",\"url\":\"https:\/\/www.rezidenciaekel.sk\/\",\"name\":\"Rezidencia Ekel\",\"description\":\"\",\"potentialAction\":[{\"@type\":\"SearchAction\",\"target\":{\"@type\":\"EntryPoint\",\"urlTemplate\":\"https:\/\/www.rezidenciaekel.sk\/?s={search_term_string}\"},\"query-input\":\"required name=search_term_string\"}],\"inLanguage\":\"sk-SK\"}]}<\/script>\n<!-- \/ Yoast SEO plugin. -->","yoast_head_json":{"title":"hlavn\u00e1 str\u00e1nka - Magyar - Rezidencia Ekel","robots":{"index":"index","follow":"follow","max-snippet":"max-snippet:-1","max-image-preview":"max-image-preview:large","max-video-preview":"max-video-preview:-1"},"canonical":"https:\/\/www.rezidenciaekel.sk\/index.php\/hu\/hlavna-stranka-magyar\/","og_locale":"sk_SK","og_type":"article","og_title":"hlavn\u00e1 str\u00e1nka - Magyar - Rezidencia Ekel","og_description":"[vc_row][vc_column][\/vc_column][\/vc_row][vc_row gap=&#8220;35&#8243; content_placement=&#8220;middle&#8220; css=&#8220;.vc_custom_1697101279501{padding-top: 200px !important;padding-bottom: 200px !important;}&#8220;][vc_column width=&#8220;1\/2&#8243;][vc_single_image image=&#8220;1484&#8243; img_size=&#8220;450&#215;675&#8243; style=&#8220;vc_box_circle_2&#8243;][\/vc_column][vc_column width=&#8220;1\/2&#8243;][vc_column_text] MI\u00c9RT LAKJON AZ EKEL REZIDENCI\u00d3BA &nbsp; Ha olyan helyet keres, ahol a term\u00e9szeti sz\u00e9ps\u00e9g luxussal \u00e9s k\u00f6z\u00f6ss\u00e9gi l\u00e9gk\u00f6rrel p\u00e1rosul, akkor az Ekeli rezidenci\u00f3 az \u00d6n sz\u00e1m\u00e1ra k\u00e9sz\u00fclt. Fedezze fel az \u00faj kezdetet ebben a paradicsomban. \u00dcdv\u00f6z\u00f6lj\u00fck Ekelen! [\/vc_column_text][vc_btn title=&#8220;B\u0151vebben a projektr\u0151l&#8220; style=&#8220;outline&#8220;&hellip;","og_url":"https:\/\/www.rezidenciaekel.sk\/index.php\/hu\/hlavna-stranka-magyar\/","og_site_name":"Rezidencia Ekel","article_modified_time":"2026-02-17T15:47:03+00:00","twitter_card":"summary_large_image","twitter_misc":{"Predpokladan\u00fd \u010das \u010d\u00edtania":"3 min\u00faty"},"schema":{"@context":"https:\/\/schema.org","@graph":[{"@type":"WebPage","@id":"https:\/\/www.rezidenciaekel.sk\/index.php\/hu\/hlavna-stranka-magyar\/","url":"https:\/\/www.rezidenciaekel.sk\/index.php\/hu\/hlavna-stranka-magyar\/","name":"hlavn\u00e1 str\u00e1nka - Magyar - Rezidencia Ekel","isPartOf":{"@id":"https:\/\/www.rezidenciaekel.sk\/#website"},"datePublished":"2023-10-24T09:10:03+00:00","dateModified":"2026-02-17T15:47:03+00:00","breadcrumb":{"@id":"https:\/\/www.rezidenciaekel.sk\/index.php\/hu\/hlavna-stranka-magyar\/#breadcrumb"},"inLanguage":"sk-SK","potentialAction":[{"@type":"ReadAction","target":["https:\/\/www.rezidenciaekel.sk\/index.php\/hu\/hlavna-stranka-magyar\/"]}]},{"@type":"BreadcrumbList","@id":"https:\/\/www.rezidenciaekel.sk\/index.php\/hu\/hlavna-stranka-magyar\/#breadcrumb","itemListElement":[{"@type":"ListItem","position":1,"name":"Home","item":"https:\/\/www.rezidenciaekel.sk\/"},{"@type":"ListItem","position":2,"name":"hlavn\u00e1 str\u00e1nka &#8211; Magyar"}]},{"@type":"WebSite","@id":"https:\/\/www.rezidenciaekel.sk\/#website","url":"https:\/\/www.rezidenciaekel.sk\/","name":"Rezidencia Ekel","description":"","potentialAction":[{"@type":"SearchAction","target":{"@type":"EntryPoint","urlTemplate":"https:\/\/www.rezidenciaekel.sk\/?s={search_term_string}"},"query-input":"required name=search_term_string"}],"inLanguage":"sk-SK"}]}},"_links":{"self":[{"href":"https:\/\/www.rezidenciaekel.sk\/index.php\/wp-json\/wp\/v2\/pages\/1752","targetHints":{"allow":["GET"]}}],"collection":[{"href":"https:\/\/www.rezidenciaekel.sk\/index.php\/wp-json\/wp\/v2\/pages"}],"about":[{"href":"https:\/\/www.rezidenciaekel.sk\/index.php\/wp-json\/wp\/v2\/types\/page"}],"author":[{"embeddable":true,"href":"https:\/\/www.rezidenciaekel.sk\/index.php\/wp-json\/wp\/v2\/users\/1"}],"replies":[{"embeddable":true,"href":"https:\/\/www.rezidenciaekel.sk\/index.php\/wp-json\/wp\/v2\/comments?post=1752"}],"version-history":[{"count":18,"href":"https:\/\/www.rezidenciaekel.sk\/index.php\/wp-json\/wp\/v2\/pages\/1752\/revisions"}],"predecessor-version":[{"id":2234,"href":"https:\/\/www.rezidenciaekel.sk\/index.php\/wp-json\/wp\/v2\/pages\/1752\/revisions\/2234"}],"wp:attachment":[{"href":"https:\/\/www.rezidenciaekel.sk\/index.php\/wp-json\/wp\/v2\/media?parent=1752"}],"curies":[{"name":"wp","href":"https:\/\/api.w.org\/{rel}","templated":true}]}}