{"id":1976,"date":"2023-11-09T09:21:45","date_gmt":"2023-11-09T08:21:45","guid":{"rendered":"https:\/\/www.rezidenciaekel.sk\/?page_id=1976"},"modified":"2026-02-17T16:23:03","modified_gmt":"2026-02-17T15:23:03","slug":"a-projektrol","status":"publish","type":"page","link":"https:\/\/www.rezidenciaekel.sk\/index.php\/hu\/a-projektrol\/","title":{"rendered":"a projektr\u0151l"},"content":{"rendered":"<section class=\"wpb-content-wrapper\"><p>[vc_row full_width=&#8220;stretch_row&#8220; gap=&#8220;35&#8243; css=&#8220;.vc_custom_1697105339655{background-image: url(https:\/\/www.rezidenciaekel.sk\/wp-content\/uploads\/2023\/10\/fotka-k7-bg-1.jpg?id=1480) !important;background-position: center !important;background-repeat: no-repeat !important;background-size: cover !important;}&#8220;][vc_column width=&#8220;1\/2&#8243;][vc_empty_space height=&#8220;100px&#8220;][vc_column_text]<\/p>\n<h3><span style=\"color: #ffffff;\"><strong>ISMERJE MEG TERV\u00dcNKET<br \/>\n<\/strong><\/span><\/h3>\n<p>&nbsp;<\/p>\n<p><span style=\"font-size: large; color: #ffffff;\">\u00dcdv\u00f6z\u00f6lj\u00fck az Ekeli rezidenci\u00f3ban, amyel Ekel sz\u00edv\u00e9ben tal\u00e1lhat\u00f3. Egyed\u00fcl\u00e1ll\u00f3 lehet\u0151s\u00e9get szeretn\u00e9nk bemutatni, amelyet f\u0151k\u00e9ppen a\u00a0fiatal csal\u00e1doknak sz\u00e1ntunk, melyek b\u00e9k\u00e9s k\u00f6rnyezetben szeretn\u00e9nek \u00e9lni, m\u00e9gis a\u00a0nagyv\u00e1rosok el\u0151nyeit megtartani mint Kom\u00e1rom \/ 18 perc aut\u00f3val\/, Nagymegyer \/ 15 perc aut\u00f3val\/ vagy Pozsony \/ 1 \u00f3ra aut\u00f3val\/. Ekel egy gazdag t\u00f6rt\u00e9nelemmel rendelkez\u0151 falu, hatalmas lehet\u0151s\u00e9gekkel a j\u00f6v\u0151beli fejl\u0151d\u00e9sre n\u00e9zve. <\/span><\/p>\n<p><span style=\"font-size: large; color: #ffffff;\">\u00c9p\u00edtkez\u00e9s\u00ed terv\u00fcnk 6 sorh\u00e1zb\u00f3l \u00e1ll, mindegyik saj\u00e1t kertel rendelkezik. A\u00a0csal\u00e1di h\u00e1z \u00e1ra tartalmaz 2 parkol\u00f3helyet is, amelyek k\u00f6zvetlen a\u00a0sorh\u00e1z melleti saj\u00e1t ter\u00fcleten vannak kialak\u00edtva. <\/span><\/p>\n<p><span style=\"font-size: large; color: #ffffff;\">A sorh\u00e1zak csod\u00e1s term\u00e9szetben \u00e9s b\u00e9k\u00e9s k\u00f6rnyezetben tal\u00e1lhat\u00f3k. Ekel menek\u00fcl\u00e9st k\u00edn\u00e1l a ny\u00fczsg\u0151 v\u00e1rosi \u00e9let el\u0151l, helyette a term\u00e9szet csendj\u00e9t \u00e9s harm\u00f3ni\u00e1j\u00e1t adja. Erdei s\u00e9t\u00e1k, romantikus est\u00e9k a t\u00f3n\u00e1l \u00e9s v\u00e9gtelen lehet\u0151s\u00e9gek a szabadt\u00e9ri tev\u00e9kenys\u00e9gekhez \u2013 csak n\u00e9h\u00e1ny az itt tal\u00e1lhat\u00f3 el\u0151ny\u00f6k k\u00f6z\u00fcl.<\/span>[\/vc_column_text][vc_empty_space height=&#8220;100px&#8220;][\/vc_column][vc_column width=&#8220;1\/2&#8243;][vc_empty_space height=&#8220;100px&#8220;][vc_column_text]<\/p>\n<h3><span style=\"color: #ffffff;\">A\u00a0PROJEKT \u00c9S A\u00a0K\u00d6RNYEZET F\u0150BB EL\u0150NYEI<\/span><\/h3>\n<p>[\/vc_column_text][vc_column_text]<span style=\"font-size: large; color: #ffffff;\">&#8211; Parkol\u00e1s a h\u00e1z \u00e1r\u00e1ban: Parkol\u00f3hely miatt nem kell agg\u00f3dnia, k\u00e9t parkol\u00f3helye van k\u00f6zvetlen\u00fcl a h\u00e1za el\u0151tt. K\u00e9nyelmes \u00e9s gondtalan parkol\u00e1si lehet\u0151s\u00e9g \u00e1ll az \u00d6n rendelkez\u00e9s\u00e9re.<\/span><\/p>\n<p><span style=\"font-size: large; color: #ffffff;\">&#8211; Elrendez\u00e9si v\u00e1ltoztat\u00e1sok lehet\u0151s\u00e9ge: Pontosan az elk\u00e9pzel\u00e9sei szerint alak\u00edtsa ki \u00e1lmai h\u00e1z\u00e1t. Ekel rezidenci\u00e1nkban szabadon v\u00e1laszthatja meg az elrendez\u00e9st, hogy igaz\u00e1n otthon \u00e9rezze mag\u00e1t.<\/span><\/p>\n<p><span style=\"font-size: large; color: #ffffff;\">&#8211; Rekuper\u00e1ci\u00f3s egys\u00e9gek \u00e9s padl\u00f3f\u0171t\u00e9s: Az \u00d6n k\u00e9nyelme \u00e9s eg\u00e9szs\u00e9ge a legfontosabb sz\u00e1munkra. H\u00e1zainkban modern rekuper\u00e1ci\u00f3s egys\u00e9geket \u00e9s padl\u00f3f\u0171t\u00e9st tal\u00e1l, amely eg\u00e9sz \u00e9vben optim\u00e1lis k\u00f6r\u00fclm\u00e9nyeket biztos\u00edt. <\/span><\/p>\n<p><span style=\"font-size: large; color: #ffffff;\">&#8211; Egy gazdag t\u00f6rt\u00e9nelemmel rendelkez\u0151 falu sz\u00edv\u00e9ben \u00e9l\u00fcnk: Ekel olyan hely, ahol a t\u00f6rt\u00e9nelem minden sarkon l\u00e9legzik. Itt megtal\u00e1lja a vid\u00e9k nyugalm\u00e1t \u00e9s harm\u00f3ni\u00e1j\u00e1t, ugyanakkor a nagyobb v\u00e1rosokt\u00f3l csak r\u00f6vid t\u00e1vols\u00e1gra van a\u00a0falu elhelyezve.<\/span><\/p>\n<p><span style=\"font-size: large; color: #ffffff;\">&#8211; Sportp\u00e1lya \u00e9s kikapcsol\u00f3d\u00e1si lehet\u0151s\u00e9g: Ha szereti az akt\u00edv \u00e9letm\u00f3dot, \u00f6r\u00f6mmel t\u00f6lti el &#8211; k\u00f6rny\u00e9k\u00fcnk sportp\u00e1ly\u00e1t \u00e9s b\u0151s\u00e9ges kikapcsol\u00f3d\u00e1si lehet\u0151s\u00e9get k\u00edn\u00e1l, ak\u00e1r feln\u0151tteknek, ak\u00e1r gyerekeknek.<\/span>[\/vc_column_text][\/vc_column][\/vc_row][vc_row][vc_column][vc_empty_space height=&#8220;200&#8243;][\/vc_column][\/vc_row][vc_row gap=&#8220;35&#8243;][vc_column width=&#8220;1\/3&#8243;][vc_single_image image=&#8220;1494&#8243; img_size=&#8220;70&#215;70&#8243; alignment=&#8220;center&#8220;][vc_column_text]<\/p>\n<h3 style=\"text-align: center;\">Padl\u00f3f\u0171t\u00e9s<\/h3>\n<p>[\/vc_column_text][\/vc_column][vc_column width=&#8220;1\/3&#8243;][vc_single_image image=&#8220;1492&#8243; img_size=&#8220;70&#215;70&#8243; alignment=&#8220;center&#8220;][vc_column_text]<\/p>\n<h3 style=\"text-align: center;\">2 parkol\u00f3hely<\/h3>\n<p>[\/vc_column_text][\/vc_column][vc_column width=&#8220;1\/3&#8243;][vc_single_image image=&#8220;1490&#8243; img_size=&#8220;70&#215;70&#8243; alignment=&#8220;center&#8220;][vc_column_text]<\/p>\n<h3 style=\"text-align: center;\">A falu k\u00f6zpontj\u00e1ban lakik<\/h3>\n<p>[\/vc_column_text][\/vc_column][\/vc_row][vc_row gap=&#8220;35&#8243;][vc_column width=&#8220;1\/3&#8243;][vc_single_image image=&#8220;1489&#8243; img_size=&#8220;70&#215;70&#8243; alignment=&#8220;center&#8220;][vc_column_text]<\/p>\n<h3 style=\"text-align: center;\">Rekuper\u00e1ci\u00f3s egys\u00e9gek<\/h3>\n<p>[\/vc_column_text][\/vc_column][vc_column width=&#8220;1\/3&#8243;][vc_single_image image=&#8220;1493&#8243; img_size=&#8220;70&#215;70&#8243; alignment=&#8220;center&#8220;][vc_column_text]<\/p>\n<h3 style=\"text-align: center;\">Elrendez\u00e9si v\u00e1ltoz\u00e1sok lehet\u0151s\u00e9ge<\/h3>\n<p>[\/vc_column_text][\/vc_column][vc_column width=&#8220;1\/3&#8243;][vc_single_image image=&#8220;1491&#8243; img_size=&#8220;70&#215;70&#8243; alignment=&#8220;center&#8220;][vc_column_text]<\/p>\n<h3 style=\"text-align: center;\">Sok kikapcsol\u00f3d\u00e1si lehet\u0151s\u00e9g<\/h3>\n<p>[\/vc_column_text][\/vc_column][\/vc_row][vc_row][vc_column][vc_empty_space height=&#8220;200&#8243;][\/vc_column][\/vc_row][vc_row full_width=&#8220;stretch_row&#8220; content_placement=&#8220;middle&#8220;][vc_column width=&#8220;1\/4&#8243;][vc_column_text]<\/p>\n<h2><span style=\"color: #000000;\">VONZ\u00d3 HELYSZ\u00cdN<\/span><\/h2>\n<p>&nbsp;<\/p>\n<p><span style=\"font-size: large; color: #333333;\">Ekel a Kom\u00e1romi j\u00e1r\u00e1sban tal\u00e1lhat\u00f3. Ezen a helyen a nyugalom \u00e9s a term\u00e9szet csod\u00e1i tal\u00e1lkoznak, ide\u00e1lis l\u00e9gk\u00f6rt teremtve azoknak, akik egy csendes faluban nyugodt \u00e9letre v\u00e1gynak.<\/span>[\/vc_column_text][vc_empty_space height=&#8220;100&#8243;][vc_single_image image=&#8220;1983&#8243; img_size=&#8220;full&#8220; alignment=&#8220;right&#8220;][\/vc_column][vc_column width=&#8220;3\/4&#8243;][vc_single_image image=&#8220;1984&#8243; img_size=&#8220;full&#8220;][\/vc_column][\/vc_row][vc_row][vc_column][vc_empty_space height=&#8220;250&#8243;][\/vc_column][\/vc_row][vc_row full_width=&#8220;stretch_row&#8220; gap=&#8220;35&#8243; content_placement=&#8220;middle&#8220;][vc_column width=&#8220;1\/2&#8243;][vc_column_text]<\/p>\n<h2>H\u00c1ZAK K\u00cdNALATA<\/h2>\n<p>&nbsp;<\/p>\n<p><span style=\"font-size: large; color: #333333;\"><strong>Az Ekeli rezidencia exkluz\u00edv csal\u00e1di h\u00e1zak<\/strong> v\u00e1laszt\u00e9k\u00e1t k\u00edn\u00e1lja, ahol az \u00d6n \u00e9lete igazi \u00e1lomm\u00e1 v\u00e1lik. K\u00edn\u00e1latunkban megtal\u00e1lhat\u00f3ak a st\u00edlusos <strong>4 szob\u00e1s sorh\u00e1zak,<\/strong> azonos bels\u0151\u00e9p\u00edt\u00e9szeti kialak\u00edt\u00e1ssal, amely modern k\u00e9nyelmet \u00e9s eleganci\u00e1t hoz.<br \/>\n<\/span><\/p>\n<p><span style=\"color: #000000;\"><span style=\"font-size: large; color: #333333;\"><strong>Otthonainkat a telek m\u00e9rete teszi k\u00fcl\u00f6nlegess\u00e9.<\/strong> Itt lehet\u0151s\u00e9ge van arra, hogy pontosan az \u00d6n ig\u00e9nyeinek \u00e9s elk\u00e9pzel\u00e9seinek megfelel\u0151 f\u00f6ldter\u00fcletet v\u00e1lassza ki. L\u00e9trehozhatja saj\u00e1t paradicsom\u00e1t a kertben, \u00e9s \u00e9lvezheti a szabadt\u00e9ri tev\u00e9kenys\u00e9geket \u00e9s a pihen\u00e9st.<\/span><\/span><\/p>\n<p>[\/vc_column_text][vc_btn title=&#8220;N\u00e9zze meg a h\u00e1zak k\u00edn\u00e1lat\u00e1t&#8220; style=&#8220;outline&#8220; shape=&#8220;round&#8220; color=&#8220;black&#8220; size=&#8220;lg&#8220; link=&#8220;url:https%3A%2F%2Fwww.rezidenciaekel.sk%2Findex.php%2Fponuka-domov%2F|title:O%20projekte&#8220;][\/vc_column][vc_column width=&#8220;1\/2&#8243;][vc_single_image image=&#8220;1485&#8243; img_size=&#8220;full&#8220; alignment=&#8220;center&#8220;][\/vc_column][\/vc_row][vc_row][vc_column][vc_empty_space height=&#8220;200&#8243;][\/vc_column][\/vc_row][vc_row full_width=&#8220;stretch_row&#8220; css=&#8220;.vc_custom_1697106740115{background-color: #f3f3f3 !important;}&#8220;][vc_column][vc_empty_space height=&#8220;100&#8243;][vc_column_text]<\/p>\n<h2 style=\"text-align: center;\">AZ \u00d6N \u00daJ OTTHONA M\u00c1R K\u00c9SZEN \u00c1LL!<\/h2>\n<p>[\/vc_column_text][vc_empty_space height=&#8220;100&#8243;][\/vc_column][\/vc_row][vc_row full_width=&#8220;stretch_row&#8220; gap=&#8220;35&#8243; content_placement=&#8220;middle&#8220; css=&#8220;.vc_custom_1697139266322{background-color: #869aa5 !important;}&#8220;][vc_column width=&#8220;1\/4&#8243;][\/vc_column][vc_column width=&#8220;1\/4&#8243;][vc_empty_space height=&#8220;100&#8243;][vc_single_image image=&#8220;2214&#8243; img_size=&#8220;medium&#8220; alignment=&#8220;center&#8220;][vc_column_text]<\/p>\n<h3 style=\"text-align: center;\"><span style=\"color: #ffffff;\"><strong>INGATLAN\u00dcGYN\u00d6K<\/strong><\/span><\/h3>\n<p>&nbsp;<\/p>\n<h4 style=\"text-align: center;\"><span style=\"color: #ffffff;\">Mgr. Katar\u00edna Szab\u00f3ov\u00e1<\/span><\/h4>\n<h4 style=\"text-align: center;\"><span style=\"color: #ffffff;\">info@bfreality.sk<\/span><\/h4>\n<h4 style=\"text-align: center;\"><span style=\"color: #ffffff;\">tel.: +421 948 623 651<\/span><\/h4>\n<p>[\/vc_column_text][vc_empty_space height=&#8220;100&#8243;][\/vc_column][vc_column width=&#8220;1\/4&#8243;][vc_empty_space height=&#8220;100&#8243;][vc_single_image image=&#8220;1730&#8243; img_size=&#8220;medium&#8220; alignment=&#8220;center&#8220;][vc_empty_space height=&#8220;100&#8243;][\/vc_column][vc_column width=&#8220;1\/4&#8243;][\/vc_column][\/vc_row]<\/p>\n<\/section>","protected":false},"excerpt":{"rendered":"<p>[vc_row full_width=&#8220;stretch_row&#8220; gap=&#8220;35&#8243; css=&#8220;.vc_custom_1697105339655{background-image: url(https:\/\/www.rezidenciaekel.sk\/wp-content\/uploads\/2023\/10\/fotka-k7-bg-1.jpg?id=1480) !important;background-position: center !important;background-repeat: no-repeat !important;background-size: cover !important;}&#8220;][vc_column width=&#8220;1\/2&#8243;][vc_empty_space height=&#8220;100px&#8220;][vc_column_text] ISMERJE MEG TERV\u00dcNKET &nbsp; \u00dcdv\u00f6z\u00f6lj\u00fck az Ekeli rezidenci\u00f3ban, amyel Ekel sz\u00edv\u00e9ben tal\u00e1lhat\u00f3. Egyed\u00fcl\u00e1ll\u00f3 lehet\u0151s\u00e9get szeretn\u00e9nk bemutatni, amelyet f\u0151k\u00e9ppen a\u00a0fiatal csal\u00e1doknak sz\u00e1ntunk, melyek b\u00e9k\u00e9s k\u00f6rnyezetben szeretn\u00e9nek \u00e9lni, m\u00e9gis a\u00a0nagyv\u00e1rosok el\u0151nyeit megtartani mint Kom\u00e1rom \/ 18 perc aut\u00f3val\/, Nagymegyer \/ 15 perc aut\u00f3val\/&hellip;<\/p>\n","protected":false},"author":1,"featured_media":0,"parent":0,"menu_order":0,"comment_status":"closed","ping_status":"closed","template":"","meta":{"content-type":"","footnotes":""},"class_list":["post-1976","page","type-page","status-publish","hentry"],"acf":[],"yoast_head":"<!-- This site is optimized with the Yoast SEO plugin v21.4 - https:\/\/yoast.com\/wordpress\/plugins\/seo\/ -->\n<title>a projektr\u0151l - Rezidencia Ekel<\/title>\n<meta name=\"robots\" content=\"index, follow, max-snippet:-1, max-image-preview:large, max-video-preview:-1\" \/>\n<link rel=\"canonical\" href=\"https:\/\/www.rezidenciaekel.sk\/index.php\/hu\/a-projektrol\/\" \/>\n<meta property=\"og:locale\" content=\"sk_SK\" \/>\n<meta property=\"og:type\" content=\"article\" \/>\n<meta property=\"og:title\" content=\"a projektr\u0151l - Rezidencia Ekel\" \/>\n<meta property=\"og:description\" content=\"[vc_row full_width=&#8220;stretch_row&#8220; gap=&#8220;35&#8243; css=&#8220;.vc_custom_1697105339655{background-image: url(https:\/\/www.rezidenciaekel.sk\/wp-content\/uploads\/2023\/10\/fotka-k7-bg-1.jpg?id=1480) !important;background-position: center !important;background-repeat: no-repeat !important;background-size: cover !important;}&#8220;][vc_column width=&#8220;1\/2&#8243;][vc_empty_space height=&#8220;100px&#8220;][vc_column_text] ISMERJE MEG TERV\u00dcNKET &nbsp; \u00dcdv\u00f6z\u00f6lj\u00fck az Ekeli rezidenci\u00f3ban, amyel Ekel sz\u00edv\u00e9ben tal\u00e1lhat\u00f3. Egyed\u00fcl\u00e1ll\u00f3 lehet\u0151s\u00e9get szeretn\u00e9nk bemutatni, amelyet f\u0151k\u00e9ppen a\u00a0fiatal csal\u00e1doknak sz\u00e1ntunk, melyek b\u00e9k\u00e9s k\u00f6rnyezetben szeretn\u00e9nek \u00e9lni, m\u00e9gis a\u00a0nagyv\u00e1rosok el\u0151nyeit megtartani mint Kom\u00e1rom \/ 18 perc aut\u00f3val\/, Nagymegyer \/ 15 perc aut\u00f3val\/&hellip;\" \/>\n<meta property=\"og:url\" content=\"https:\/\/www.rezidenciaekel.sk\/index.php\/hu\/a-projektrol\/\" \/>\n<meta property=\"og:site_name\" content=\"Rezidencia Ekel\" \/>\n<meta property=\"article:modified_time\" content=\"2026-02-17T15:23:03+00:00\" \/>\n<meta name=\"twitter:card\" content=\"summary_large_image\" \/>\n<meta name=\"twitter:label1\" content=\"Predpokladan\u00fd \u010das \u010d\u00edtania\" \/>\n\t<meta name=\"twitter:data1\" content=\"3 min\u00faty\" \/>\n<script type=\"application\/ld+json\" class=\"yoast-schema-graph\">{\"@context\":\"https:\/\/schema.org\",\"@graph\":[{\"@type\":\"WebPage\",\"@id\":\"https:\/\/www.rezidenciaekel.sk\/index.php\/hu\/a-projektrol\/\",\"url\":\"https:\/\/www.rezidenciaekel.sk\/index.php\/hu\/a-projektrol\/\",\"name\":\"a projektr\u0151l - Rezidencia Ekel\",\"isPartOf\":{\"@id\":\"https:\/\/www.rezidenciaekel.sk\/#website\"},\"datePublished\":\"2023-11-09T08:21:45+00:00\",\"dateModified\":\"2026-02-17T15:23:03+00:00\",\"breadcrumb\":{\"@id\":\"https:\/\/www.rezidenciaekel.sk\/index.php\/hu\/a-projektrol\/#breadcrumb\"},\"inLanguage\":\"sk-SK\",\"potentialAction\":[{\"@type\":\"ReadAction\",\"target\":[\"https:\/\/www.rezidenciaekel.sk\/index.php\/hu\/a-projektrol\/\"]}]},{\"@type\":\"BreadcrumbList\",\"@id\":\"https:\/\/www.rezidenciaekel.sk\/index.php\/hu\/a-projektrol\/#breadcrumb\",\"itemListElement\":[{\"@type\":\"ListItem\",\"position\":1,\"name\":\"Home\",\"item\":\"https:\/\/www.rezidenciaekel.sk\/\"},{\"@type\":\"ListItem\",\"position\":2,\"name\":\"a projektr\u0151l\"}]},{\"@type\":\"WebSite\",\"@id\":\"https:\/\/www.rezidenciaekel.sk\/#website\",\"url\":\"https:\/\/www.rezidenciaekel.sk\/\",\"name\":\"Rezidencia Ekel\",\"description\":\"\",\"potentialAction\":[{\"@type\":\"SearchAction\",\"target\":{\"@type\":\"EntryPoint\",\"urlTemplate\":\"https:\/\/www.rezidenciaekel.sk\/?s={search_term_string}\"},\"query-input\":\"required name=search_term_string\"}],\"inLanguage\":\"sk-SK\"}]}<\/script>\n<!-- \/ Yoast SEO plugin. -->","yoast_head_json":{"title":"a projektr\u0151l - Rezidencia Ekel","robots":{"index":"index","follow":"follow","max-snippet":"max-snippet:-1","max-image-preview":"max-image-preview:large","max-video-preview":"max-video-preview:-1"},"canonical":"https:\/\/www.rezidenciaekel.sk\/index.php\/hu\/a-projektrol\/","og_locale":"sk_SK","og_type":"article","og_title":"a projektr\u0151l - Rezidencia Ekel","og_description":"[vc_row full_width=&#8220;stretch_row&#8220; gap=&#8220;35&#8243; css=&#8220;.vc_custom_1697105339655{background-image: url(https:\/\/www.rezidenciaekel.sk\/wp-content\/uploads\/2023\/10\/fotka-k7-bg-1.jpg?id=1480) !important;background-position: center !important;background-repeat: no-repeat !important;background-size: cover !important;}&#8220;][vc_column width=&#8220;1\/2&#8243;][vc_empty_space height=&#8220;100px&#8220;][vc_column_text] ISMERJE MEG TERV\u00dcNKET &nbsp; \u00dcdv\u00f6z\u00f6lj\u00fck az Ekeli rezidenci\u00f3ban, amyel Ekel sz\u00edv\u00e9ben tal\u00e1lhat\u00f3. Egyed\u00fcl\u00e1ll\u00f3 lehet\u0151s\u00e9get szeretn\u00e9nk bemutatni, amelyet f\u0151k\u00e9ppen a\u00a0fiatal csal\u00e1doknak sz\u00e1ntunk, melyek b\u00e9k\u00e9s k\u00f6rnyezetben szeretn\u00e9nek \u00e9lni, m\u00e9gis a\u00a0nagyv\u00e1rosok el\u0151nyeit megtartani mint Kom\u00e1rom \/ 18 perc aut\u00f3val\/, Nagymegyer \/ 15 perc aut\u00f3val\/&hellip;","og_url":"https:\/\/www.rezidenciaekel.sk\/index.php\/hu\/a-projektrol\/","og_site_name":"Rezidencia Ekel","article_modified_time":"2026-02-17T15:23:03+00:00","twitter_card":"summary_large_image","twitter_misc":{"Predpokladan\u00fd \u010das \u010d\u00edtania":"3 min\u00faty"},"schema":{"@context":"https:\/\/schema.org","@graph":[{"@type":"WebPage","@id":"https:\/\/www.rezidenciaekel.sk\/index.php\/hu\/a-projektrol\/","url":"https:\/\/www.rezidenciaekel.sk\/index.php\/hu\/a-projektrol\/","name":"a projektr\u0151l - Rezidencia Ekel","isPartOf":{"@id":"https:\/\/www.rezidenciaekel.sk\/#website"},"datePublished":"2023-11-09T08:21:45+00:00","dateModified":"2026-02-17T15:23:03+00:00","breadcrumb":{"@id":"https:\/\/www.rezidenciaekel.sk\/index.php\/hu\/a-projektrol\/#breadcrumb"},"inLanguage":"sk-SK","potentialAction":[{"@type":"ReadAction","target":["https:\/\/www.rezidenciaekel.sk\/index.php\/hu\/a-projektrol\/"]}]},{"@type":"BreadcrumbList","@id":"https:\/\/www.rezidenciaekel.sk\/index.php\/hu\/a-projektrol\/#breadcrumb","itemListElement":[{"@type":"ListItem","position":1,"name":"Home","item":"https:\/\/www.rezidenciaekel.sk\/"},{"@type":"ListItem","position":2,"name":"a projektr\u0151l"}]},{"@type":"WebSite","@id":"https:\/\/www.rezidenciaekel.sk\/#website","url":"https:\/\/www.rezidenciaekel.sk\/","name":"Rezidencia Ekel","description":"","potentialAction":[{"@type":"SearchAction","target":{"@type":"EntryPoint","urlTemplate":"https:\/\/www.rezidenciaekel.sk\/?s={search_term_string}"},"query-input":"required name=search_term_string"}],"inLanguage":"sk-SK"}]}},"_links":{"self":[{"href":"https:\/\/www.rezidenciaekel.sk\/index.php\/wp-json\/wp\/v2\/pages\/1976","targetHints":{"allow":["GET"]}}],"collection":[{"href":"https:\/\/www.rezidenciaekel.sk\/index.php\/wp-json\/wp\/v2\/pages"}],"about":[{"href":"https:\/\/www.rezidenciaekel.sk\/index.php\/wp-json\/wp\/v2\/types\/page"}],"author":[{"embeddable":true,"href":"https:\/\/www.rezidenciaekel.sk\/index.php\/wp-json\/wp\/v2\/users\/1"}],"replies":[{"embeddable":true,"href":"https:\/\/www.rezidenciaekel.sk\/index.php\/wp-json\/wp\/v2\/comments?post=1976"}],"version-history":[{"count":16,"href":"https:\/\/www.rezidenciaekel.sk\/index.php\/wp-json\/wp\/v2\/pages\/1976\/revisions"}],"predecessor-version":[{"id":2229,"href":"https:\/\/www.rezidenciaekel.sk\/index.php\/wp-json\/wp\/v2\/pages\/1976\/revisions\/2229"}],"wp:attachment":[{"href":"https:\/\/www.rezidenciaekel.sk\/index.php\/wp-json\/wp\/v2\/media?parent=1976"}],"curies":[{"name":"wp","href":"https:\/\/api.w.org\/{rel}","templated":true}]}}