{"id":802,"date":"2023-01-04T09:18:06","date_gmt":"2023-01-04T08:18:06","guid":{"rendered":"https:\/\/www.rezidenciaekel.sk\/?page_id=802"},"modified":"2026-02-17T16:18:12","modified_gmt":"2026-02-17T15:18:12","slug":"o-projekte","status":"publish","type":"page","link":"https:\/\/www.rezidenciaekel.sk\/index.php\/o-projekte\/","title":{"rendered":"O projekte"},"content":{"rendered":"<section class=\"wpb-content-wrapper\"><p>[vc_row full_width=&#8220;stretch_row&#8220; gap=&#8220;35&#8243; css=&#8220;.vc_custom_1697105339655{background-image: url(https:\/\/www.rezidenciaekel.sk\/wp-content\/uploads\/2023\/10\/fotka-k7-bg-1.jpg?id=1480) !important;background-position: center !important;background-repeat: no-repeat !important;background-size: cover !important;}&#8220;][vc_column width=&#8220;1\/2&#8243;][vc_empty_space height=&#8220;100px&#8220;][vc_column_text]<\/p>\n<h3><span style=\"color: #ffffff;\"><strong>SPOZNAJTE N\u00c1\u0160 PROJEKT<br \/>\n<\/strong><\/span><\/h3>\n<p>&nbsp;<\/p>\n<p><span style=\"font-size: large; color: #ffffff;\">V\u00edtame V\u00e1s v rezidencii Ekel v obci Okoli\u010dn\u00e1 na Ostrove. Predstavujeme jedine\u010dn\u00fa pr\u00edle\u017eitos\u0165 pre mlad\u00e9 rodiny, ktor\u00e9 t\u00fa\u017eia po pokojnom b\u00fdvan\u00ed mimo ru\u0161n\u00e9ho mesta, no z\u00e1rove\u0148 si chc\u00fa udr\u017ea\u0165 v\u00fdhody ve\u013ek\u00fdch miest ako Kom\u00e1rno (18 min\u00fat autom) Ve\u013ek\u00fd Me\u010fer (15 min\u00fat autom) alebo Bratislava (1 hodina autom). Okoli\u010dn\u00e1 na ostrove je obec s bohatou hist\u00f3riou a obrovsk\u00fdm potenci\u00e1lom pre bud\u00faci rozvoj.<\/span><\/p>\n<p><span style=\"font-size: large; color: #ffffff;\">Projekt pozost\u00e1va zo 6 radov\u00fdch rodinn\u00fdch domov, pri\u010dom ka\u017ed\u00fd z nich m\u00e1 svoju vlastn\u00fa z\u00e1hradu. K cene ka\u017ed\u00e9ho rodinn\u00e9ho domu patria aj 2 parkovacie miesta nach\u00e1dzaj\u00face sa v bezprostrednej bl\u00edzkosti domov na samostatn\u00fdch pozemkoch.<\/span><\/p>\n<p><span style=\"font-size: large; color: #ffffff;\">T\u00e1to n\u00e1dhern\u00e1 lokalita v\u00e1s oslov\u00ed hne\u010f na prv\u00fd poh\u013ead svojou pr\u00edrodnou kr\u00e1sou a pokojn\u00fdm prostred\u00edm. Okoli\u010dn\u00e1 na Ostrove pon\u00faka \u00fanik z ru\u0161n\u00e9ho mestsk\u00e9ho \u017eivota a namiesto toho v\u00e1m daruje ticho a harm\u00f3niu pr\u00edrody. Prech\u00e1dzky lesom, romantick\u00e9 ve\u010dery pri jazere a nekone\u010dn\u00e9 mo\u017enosti na vonkaj\u0161ie aktivity s\u00fa len niektor\u00e9 z v\u00fdhod, ktor\u00e9 tu n\u00e1jdete.<\/span>[\/vc_column_text][vc_empty_space height=&#8220;100px&#8220;][\/vc_column][vc_column width=&#8220;1\/2&#8243;][vc_empty_space height=&#8220;100px&#8220;][vc_column_text]<\/p>\n<h3><span style=\"color: #ffffff;\">HLAVN\u00c9 V\u00ddHODY PROJEKTU A OKOLIA<\/span><\/h3>\n<p>[\/vc_column_text][vc_column_text]<span style=\"font-size: large; color: #ffffff;\">&#8211; Parkovanie v cene domu: Nemus\u00edte sa stara\u0165 o parkovacie miesto, k dispoz\u00edcii m\u00e1te dve parkovacie miesta priamo pred va\u0161\u00edm domom. Pohodln\u00e9 a bezstarostn\u00e9 parkovanie je tu pre V\u00e1s.<\/span><\/p>\n<p><span style=\"font-size: large; color: #ffffff;\">&#8211; Mo\u017enos\u0165 dispozi\u010dn\u00fdch zmien: Vytvorte si svoj vysn\u00edvan\u00fd dom presne pod\u013ea Va\u0161ich predst\u00e1v. Na\u0161a rezidencia Ekel v\u00e1m d\u00e1va vo\u013enos\u0165 vo vo\u013ebe dispoz\u00edcie, aby ste sa c\u00edtili skuto\u010dne doma.<\/span><\/p>\n<p><span style=\"font-size: large; color: #ffffff;\">&#8211; Rekupera\u010dn\u00e9 jednotky a podlahov\u00e9 vykurovanie: Va\u0161e pohodlie a zdravie s\u00fa pre n\u00e1s prioritou. V na\u0161ich domoch n\u00e1jdete modern\u00e9 rekupera\u010dn\u00e9 jednotky a podlahov\u00e9 vykurovanie, ktor\u00e9 V\u00e1s udr\u017eia v optim\u00e1lnych podmienkach po cel\u00fd rok.<\/span><\/p>\n<p><span style=\"font-size: large; color: #ffffff;\">&#8211; B\u00fdvanie v srdci obce s bohatou hist\u00f3riou: Okoli\u010dn\u00e1 na Ostrove je miestom, kde hist\u00f3ria d\u00fdcha na ka\u017edom rohu. Tu n\u00e1jdete pokoj a harm\u00f3niu vidieka, no z\u00e1rove\u0148 ste iba k\u00fasok od v\u00e4\u010d\u0161\u00edch miest.<\/span><\/p>\n<p><span style=\"font-size: large; color: #ffffff;\">&#8211; \u0160portov\u00e9 ihrisko a priestor na rekre\u00e1ciu: Ak m\u00e1te radi akt\u00edvny \u017eivotn\u00fd \u0161t\u00fdl, budete nad\u0161en\u00ed \u2013 na\u0161e okolie pon\u00faka \u0161portov\u00e9 ihrisko a dostatok priestoru na rekre\u00e1ciu, \u010di u\u017e pre dospel\u00fdch alebo deti.<\/span>[\/vc_column_text][\/vc_column][\/vc_row][vc_row][vc_column][vc_empty_space height=&#8220;200&#8243;][\/vc_column][\/vc_row][vc_row gap=&#8220;35&#8243;][vc_column width=&#8220;1\/3&#8243;][vc_single_image image=&#8220;1494&#8243; img_size=&#8220;70&#215;70&#8243; alignment=&#8220;center&#8220;][vc_column_text]<\/p>\n<h3 style=\"text-align: center;\">Podlahov\u00e9 k\u00farenie<\/h3>\n<p>[\/vc_column_text][\/vc_column][vc_column width=&#8220;1\/3&#8243;][vc_single_image image=&#8220;1492&#8243; img_size=&#8220;70&#215;70&#8243; alignment=&#8220;center&#8220;][vc_column_text]<\/p>\n<h3 style=\"text-align: center;\">2x parkovacie st\u00e1tie<\/h3>\n<p>[\/vc_column_text][\/vc_column][vc_column width=&#8220;1\/3&#8243;][vc_single_image image=&#8220;1490&#8243; img_size=&#8220;70&#215;70&#8243; alignment=&#8220;center&#8220;][vc_column_text]<\/p>\n<h3 style=\"text-align: center;\">B\u00fdvanie v centre obce<\/h3>\n<p>[\/vc_column_text][\/vc_column][\/vc_row][vc_row gap=&#8220;35&#8243;][vc_column width=&#8220;1\/3&#8243;][vc_single_image image=&#8220;1489&#8243; img_size=&#8220;70&#215;70&#8243; alignment=&#8220;center&#8220;][vc_column_text]<\/p>\n<h3 style=\"text-align: center;\">Rekupera\u010dn\u00e9 jednotky<\/h3>\n<p>[\/vc_column_text][\/vc_column][vc_column width=&#8220;1\/3&#8243;][vc_single_image image=&#8220;1493&#8243; img_size=&#8220;70&#215;70&#8243; alignment=&#8220;center&#8220;][vc_column_text]<\/p>\n<h3 style=\"text-align: center;\">Mo\u017en\u00e9 dispozi\u010dn\u00e9 zmeny<\/h3>\n<p>[\/vc_column_text][\/vc_column][vc_column width=&#8220;1\/3&#8243;][vc_single_image image=&#8220;1491&#8243; img_size=&#8220;70&#215;70&#8243; alignment=&#8220;center&#8220;][vc_column_text]<\/p>\n<h3 style=\"text-align: center;\">Mno\u017estvo rekre\u00e1cie<\/h3>\n<p>[\/vc_column_text][\/vc_column][\/vc_row][vc_row][vc_column][vc_empty_space height=&#8220;200&#8243;][\/vc_column][\/vc_row][vc_row full_width=&#8220;stretch_row&#8220; content_placement=&#8220;middle&#8220;][vc_column width=&#8220;1\/4&#8243;][vc_column_text]<\/p>\n<h2><span style=\"color: #000000;\">ATRAKT\u00cdVNA LOKALITA<\/span><\/h2>\n<p>&nbsp;<\/p>\n<p><span style=\"font-size: large; color: #333333;\"><strong>Okoli\u010dn\u00e1 na Ostrove<\/strong> je slovensk\u00e1 obec v okrese <strong>Kom\u00e1rno<\/strong>. Na tomto mieste sa stret\u00e1va <strong>pohoda a pr\u00edrodn\u00fd klenot<\/strong>, \u010d\u00edm vytv\u00e1ra ide\u00e1lnu atmosf\u00e9ru pre t\u00fdch, ktor\u00ed t\u00fa\u017eia po <strong>pokojnom \u017eivote<\/strong> v tichej a <strong>malebnej obci<\/strong>.<\/span>[\/vc_column_text][vc_empty_space height=&#8220;100&#8243;][vc_single_image image=&#8220;1501&#8243; img_size=&#8220;full&#8220; alignment=&#8220;right&#8220;][\/vc_column][vc_column width=&#8220;3\/4&#8243;][vc_single_image image=&#8220;1502&#8243; img_size=&#8220;full&#8220;][\/vc_column][\/vc_row][vc_row][vc_column][vc_empty_space height=&#8220;250&#8243;][\/vc_column][\/vc_row][vc_row full_width=&#8220;stretch_row&#8220; gap=&#8220;35&#8243; content_placement=&#8220;middle&#8220;][vc_column width=&#8220;1\/2&#8243;][vc_column_text]<\/p>\n<h2>PONUKA DOMOV<\/h2>\n<p>&nbsp;<\/p>\n<p><span style=\"font-size: large; color: #333333;\"><strong>Rezidencia Ekel pon\u00faka exkluz\u00edvny rad rodinn\u00fdch domov<\/strong>, kde sa Va\u0161e b\u00fdvanie stane skuto\u010dn\u00fdm snom. Na\u0161a ponuka zah\u0155\u0148a <strong>\u0161t\u00fdlov\u00e9 4-izbov\u00e9<\/strong> radov\u00e9 domy <strong>s rovnakou vn\u00fatornou architekt\u00farou<\/strong>, ktor\u00e1 prin\u00e1\u0161a modern\u00fd komfort a eleganciu.<br \/>\n<\/span><\/p>\n<p><span style=\"color: #000000;\"><span style=\"font-size: large; color: #333333;\"><strong>To, \u010do rob\u00ed na\u0161e domy v\u00fdnimo\u010dn\u00fdmi, je ve\u013ekos\u0165 pri\u013eahl\u00e9ho pozemku.<\/strong> Tu m\u00e1te <strong>mo\u017enos\u0165 si vybra\u0165<\/strong> presne tak\u00fd <strong>pozemok<\/strong>, ktor\u00fd vyhovuje Va\u0161im potreb\u00e1m a predstav\u00e1m. M\u00f4\u017eete si vytvori\u0165 svoj vlastn\u00fd k\u00fasok raja na z\u00e1hrade a u\u017e\u00edva\u0165 si vonkaj\u0161ie aktivity a oddych v s\u00fakrom\u00ed svojho pozemku.<\/span><\/span>[\/vc_column_text][vc_btn title=&#8220;Pozrie\u0165 ponuku domov&#8220; style=&#8220;outline&#8220; shape=&#8220;round&#8220; color=&#8220;black&#8220; size=&#8220;lg&#8220; link=&#8220;url:https%3A%2F%2Fwww.rezidenciaekel.sk%2Findex.php%2Fponuka-domov%2F|title:O%20projekte&#8220;][\/vc_column][vc_column width=&#8220;1\/2&#8243;][vc_single_image image=&#8220;1485&#8243; img_size=&#8220;full&#8220; alignment=&#8220;center&#8220;][\/vc_column][\/vc_row][vc_row][vc_column][vc_empty_space height=&#8220;200&#8243;][\/vc_column][\/vc_row][vc_row full_width=&#8220;stretch_row&#8220; css=&#8220;.vc_custom_1771340950213{background-color: #f3f3f3 !important;}&#8220;][vc_column][vc_empty_space height=&#8220;100&#8243;][vc_column_text]<\/p>\n<h2 style=\"text-align: center;\">VA\u0160E NOV\u00c9 B\u00ddVANIE JE U\u017d SKOLAUDOVAN\u00c9!<\/h2>\n<p>[\/vc_column_text][vc_empty_space height=&#8220;100&#8243;][\/vc_column][\/vc_row][vc_row full_width=&#8220;stretch_row&#8220; gap=&#8220;35&#8243; content_placement=&#8220;middle&#8220; css=&#8220;.vc_custom_1697139266322{background-color: #869aa5 !important;}&#8220;][vc_column width=&#8220;1\/4&#8243;][\/vc_column][vc_column width=&#8220;1\/4&#8243;][vc_empty_space height=&#8220;100&#8243;][vc_single_image image=&#8220;2212&#8243; img_size=&#8220;medium&#8220; alignment=&#8220;center&#8220;][vc_column_text]<\/p>\n<h3 style=\"text-align: center;\"><span style=\"color: #ffffff;\"><strong>MAKL\u00c9R PREDAJA PROJEKTU<\/strong><\/span><\/h3>\n<p>&nbsp;<\/p>\n<h4 style=\"text-align: center;\"><span style=\"color: #ffffff;\">Mgr. Katar\u00edna Szab\u00f3ov\u00e1<\/span><\/h4>\n<h4 style=\"text-align: center;\"><span style=\"color: #ffffff;\">info@bfreality.sk<\/span><\/h4>\n<h4 style=\"text-align: center;\"><span style=\"color: #ffffff;\">tel.: +421 948 623 651<\/span><\/h4>\n<p>[\/vc_column_text][vc_empty_space height=&#8220;100&#8243;][\/vc_column][vc_column width=&#8220;1\/4&#8243;][vc_empty_space height=&#8220;100&#8243;][vc_single_image image=&#8220;1730&#8243; img_size=&#8220;medium&#8220; alignment=&#8220;center&#8220;][vc_empty_space height=&#8220;100&#8243;][\/vc_column][vc_column width=&#8220;1\/4&#8243;][\/vc_column][\/vc_row]<\/p>\n<\/section>","protected":false},"excerpt":{"rendered":"<p>[vc_row full_width=&#8220;stretch_row&#8220; gap=&#8220;35&#8243; css=&#8220;.vc_custom_1697105339655{background-image: url(https:\/\/www.rezidenciaekel.sk\/wp-content\/uploads\/2023\/10\/fotka-k7-bg-1.jpg?id=1480) !important;background-position: center !important;background-repeat: no-repeat !important;background-size: cover !important;}&#8220;][vc_column width=&#8220;1\/2&#8243;][vc_empty_space height=&#8220;100px&#8220;][vc_column_text] SPOZNAJTE N\u00c1\u0160 PROJEKT &nbsp; V\u00edtame V\u00e1s v rezidencii Ekel v obci Okoli\u010dn\u00e1 na Ostrove. Predstavujeme jedine\u010dn\u00fa pr\u00edle\u017eitos\u0165 pre mlad\u00e9 rodiny, ktor\u00e9 t\u00fa\u017eia po pokojnom b\u00fdvan\u00ed mimo ru\u0161n\u00e9ho mesta, no z\u00e1rove\u0148 si chc\u00fa udr\u017ea\u0165 v\u00fdhody ve\u013ek\u00fdch miest ako Kom\u00e1rno (18 min\u00fat autom)&hellip;<\/p>\n","protected":false},"author":1,"featured_media":0,"parent":0,"menu_order":0,"comment_status":"closed","ping_status":"closed","template":"","meta":{"content-type":"","footnotes":""},"class_list":["post-802","page","type-page","status-publish","hentry"],"acf":[],"yoast_head":"<!-- This site is optimized with the Yoast SEO plugin v21.4 - https:\/\/yoast.com\/wordpress\/plugins\/seo\/ -->\n<title>O projekte - Rezidencia Ekel<\/title>\n<meta name=\"robots\" content=\"index, follow, max-snippet:-1, max-image-preview:large, max-video-preview:-1\" \/>\n<link rel=\"canonical\" href=\"https:\/\/www.rezidenciaekel.sk\/index.php\/o-projekte\/\" \/>\n<meta property=\"og:locale\" content=\"sk_SK\" \/>\n<meta property=\"og:type\" content=\"article\" \/>\n<meta property=\"og:title\" content=\"O projekte - Rezidencia Ekel\" \/>\n<meta property=\"og:description\" content=\"[vc_row full_width=&#8220;stretch_row&#8220; gap=&#8220;35&#8243; css=&#8220;.vc_custom_1697105339655{background-image: url(https:\/\/www.rezidenciaekel.sk\/wp-content\/uploads\/2023\/10\/fotka-k7-bg-1.jpg?id=1480) !important;background-position: center !important;background-repeat: no-repeat !important;background-size: cover !important;}&#8220;][vc_column width=&#8220;1\/2&#8243;][vc_empty_space height=&#8220;100px&#8220;][vc_column_text] SPOZNAJTE N\u00c1\u0160 PROJEKT &nbsp; V\u00edtame V\u00e1s v rezidencii Ekel v obci Okoli\u010dn\u00e1 na Ostrove. Predstavujeme jedine\u010dn\u00fa pr\u00edle\u017eitos\u0165 pre mlad\u00e9 rodiny, ktor\u00e9 t\u00fa\u017eia po pokojnom b\u00fdvan\u00ed mimo ru\u0161n\u00e9ho mesta, no z\u00e1rove\u0148 si chc\u00fa udr\u017ea\u0165 v\u00fdhody ve\u013ek\u00fdch miest ako Kom\u00e1rno (18 min\u00fat autom)&hellip;\" \/>\n<meta property=\"og:url\" content=\"https:\/\/www.rezidenciaekel.sk\/index.php\/o-projekte\/\" \/>\n<meta property=\"og:site_name\" content=\"Rezidencia Ekel\" \/>\n<meta property=\"article:modified_time\" content=\"2026-02-17T15:18:12+00:00\" \/>\n<meta name=\"twitter:card\" content=\"summary_large_image\" \/>\n<meta name=\"twitter:label1\" content=\"Predpokladan\u00fd \u010das \u010d\u00edtania\" \/>\n\t<meta name=\"twitter:data1\" content=\"4 min\u00faty\" \/>\n<script type=\"application\/ld+json\" class=\"yoast-schema-graph\">{\"@context\":\"https:\/\/schema.org\",\"@graph\":[{\"@type\":\"WebPage\",\"@id\":\"https:\/\/www.rezidenciaekel.sk\/index.php\/o-projekte\/\",\"url\":\"https:\/\/www.rezidenciaekel.sk\/index.php\/o-projekte\/\",\"name\":\"O projekte - Rezidencia Ekel\",\"isPartOf\":{\"@id\":\"https:\/\/www.rezidenciaekel.sk\/#website\"},\"datePublished\":\"2023-01-04T08:18:06+00:00\",\"dateModified\":\"2026-02-17T15:18:12+00:00\",\"breadcrumb\":{\"@id\":\"https:\/\/www.rezidenciaekel.sk\/index.php\/o-projekte\/#breadcrumb\"},\"inLanguage\":\"sk-SK\",\"potentialAction\":[{\"@type\":\"ReadAction\",\"target\":[\"https:\/\/www.rezidenciaekel.sk\/index.php\/o-projekte\/\"]}]},{\"@type\":\"BreadcrumbList\",\"@id\":\"https:\/\/www.rezidenciaekel.sk\/index.php\/o-projekte\/#breadcrumb\",\"itemListElement\":[{\"@type\":\"ListItem\",\"position\":1,\"name\":\"Home\",\"item\":\"https:\/\/www.rezidenciaekel.sk\/\"},{\"@type\":\"ListItem\",\"position\":2,\"name\":\"O projekte\"}]},{\"@type\":\"WebSite\",\"@id\":\"https:\/\/www.rezidenciaekel.sk\/#website\",\"url\":\"https:\/\/www.rezidenciaekel.sk\/\",\"name\":\"Rezidencia Ekel\",\"description\":\"\",\"potentialAction\":[{\"@type\":\"SearchAction\",\"target\":{\"@type\":\"EntryPoint\",\"urlTemplate\":\"https:\/\/www.rezidenciaekel.sk\/?s={search_term_string}\"},\"query-input\":\"required name=search_term_string\"}],\"inLanguage\":\"sk-SK\"}]}<\/script>\n<!-- \/ Yoast SEO plugin. -->","yoast_head_json":{"title":"O projekte - Rezidencia Ekel","robots":{"index":"index","follow":"follow","max-snippet":"max-snippet:-1","max-image-preview":"max-image-preview:large","max-video-preview":"max-video-preview:-1"},"canonical":"https:\/\/www.rezidenciaekel.sk\/index.php\/o-projekte\/","og_locale":"sk_SK","og_type":"article","og_title":"O projekte - Rezidencia Ekel","og_description":"[vc_row full_width=&#8220;stretch_row&#8220; gap=&#8220;35&#8243; css=&#8220;.vc_custom_1697105339655{background-image: url(https:\/\/www.rezidenciaekel.sk\/wp-content\/uploads\/2023\/10\/fotka-k7-bg-1.jpg?id=1480) !important;background-position: center !important;background-repeat: no-repeat !important;background-size: cover !important;}&#8220;][vc_column width=&#8220;1\/2&#8243;][vc_empty_space height=&#8220;100px&#8220;][vc_column_text] SPOZNAJTE N\u00c1\u0160 PROJEKT &nbsp; V\u00edtame V\u00e1s v rezidencii Ekel v obci Okoli\u010dn\u00e1 na Ostrove. Predstavujeme jedine\u010dn\u00fa pr\u00edle\u017eitos\u0165 pre mlad\u00e9 rodiny, ktor\u00e9 t\u00fa\u017eia po pokojnom b\u00fdvan\u00ed mimo ru\u0161n\u00e9ho mesta, no z\u00e1rove\u0148 si chc\u00fa udr\u017ea\u0165 v\u00fdhody ve\u013ek\u00fdch miest ako Kom\u00e1rno (18 min\u00fat autom)&hellip;","og_url":"https:\/\/www.rezidenciaekel.sk\/index.php\/o-projekte\/","og_site_name":"Rezidencia Ekel","article_modified_time":"2026-02-17T15:18:12+00:00","twitter_card":"summary_large_image","twitter_misc":{"Predpokladan\u00fd \u010das \u010d\u00edtania":"4 min\u00faty"},"schema":{"@context":"https:\/\/schema.org","@graph":[{"@type":"WebPage","@id":"https:\/\/www.rezidenciaekel.sk\/index.php\/o-projekte\/","url":"https:\/\/www.rezidenciaekel.sk\/index.php\/o-projekte\/","name":"O projekte - Rezidencia Ekel","isPartOf":{"@id":"https:\/\/www.rezidenciaekel.sk\/#website"},"datePublished":"2023-01-04T08:18:06+00:00","dateModified":"2026-02-17T15:18:12+00:00","breadcrumb":{"@id":"https:\/\/www.rezidenciaekel.sk\/index.php\/o-projekte\/#breadcrumb"},"inLanguage":"sk-SK","potentialAction":[{"@type":"ReadAction","target":["https:\/\/www.rezidenciaekel.sk\/index.php\/o-projekte\/"]}]},{"@type":"BreadcrumbList","@id":"https:\/\/www.rezidenciaekel.sk\/index.php\/o-projekte\/#breadcrumb","itemListElement":[{"@type":"ListItem","position":1,"name":"Home","item":"https:\/\/www.rezidenciaekel.sk\/"},{"@type":"ListItem","position":2,"name":"O projekte"}]},{"@type":"WebSite","@id":"https:\/\/www.rezidenciaekel.sk\/#website","url":"https:\/\/www.rezidenciaekel.sk\/","name":"Rezidencia Ekel","description":"","potentialAction":[{"@type":"SearchAction","target":{"@type":"EntryPoint","urlTemplate":"https:\/\/www.rezidenciaekel.sk\/?s={search_term_string}"},"query-input":"required name=search_term_string"}],"inLanguage":"sk-SK"}]}},"_links":{"self":[{"href":"https:\/\/www.rezidenciaekel.sk\/index.php\/wp-json\/wp\/v2\/pages\/802","targetHints":{"allow":["GET"]}}],"collection":[{"href":"https:\/\/www.rezidenciaekel.sk\/index.php\/wp-json\/wp\/v2\/pages"}],"about":[{"href":"https:\/\/www.rezidenciaekel.sk\/index.php\/wp-json\/wp\/v2\/types\/page"}],"author":[{"embeddable":true,"href":"https:\/\/www.rezidenciaekel.sk\/index.php\/wp-json\/wp\/v2\/users\/1"}],"replies":[{"embeddable":true,"href":"https:\/\/www.rezidenciaekel.sk\/index.php\/wp-json\/wp\/v2\/comments?post=802"}],"version-history":[{"count":63,"href":"https:\/\/www.rezidenciaekel.sk\/index.php\/wp-json\/wp\/v2\/pages\/802\/revisions"}],"predecessor-version":[{"id":2228,"href":"https:\/\/www.rezidenciaekel.sk\/index.php\/wp-json\/wp\/v2\/pages\/802\/revisions\/2228"}],"wp:attachment":[{"href":"https:\/\/www.rezidenciaekel.sk\/index.php\/wp-json\/wp\/v2\/media?parent=802"}],"curies":[{"name":"wp","href":"https:\/\/api.w.org\/{rel}","templated":true}]}}